{"id":8721,"date":"2020-07-29T03:26:31","date_gmt":"2020-07-29T03:26:31","guid":{"rendered":"http:\/\/amejardimdosprados.spdmafiliadas.org.br\/?page_id=8060"},"modified":"2020-07-29T03:26:31","modified_gmt":"2020-07-29T03:26:31","slug":"canal-de-denuncia-2","status":"publish","type":"page","link":"https:\/\/ceafmc.animaker.com.br\/?page_id=8721","title":{"rendered":"Canal de Den\u00fancia"},"content":{"rendered":"<div class=\"container section-title-container\" ><h4 class=\"section-title section-title-normal\"><b aria-hidden=\"true\"><\/b><span class=\"section-title-main\" >Canal de den\u00fancia<\/span><b aria-hidden=\"true\"><\/b><\/h4><\/div>\n<p style=\"text-align: justify\">O Canal Confidencial \u00e9 um canal para comunica\u00e7\u00e3o segura e, se desejada, an\u00f4nima, de desvio ou descumprimento do C\u00f3digo de \u00c9tica e Conduta, do C\u00f3digo Anticorrup\u00e7\u00e3o e\/ou de qualquer lei, pol\u00edtica ou norma interna da SPDM, e pode ser utilizado por todos os colaboradores, parceiros, fornecedores e terceiros.<\/p>\n<p style=\"text-align: justify\"><a href=\"https:\/\/www.spdm.org.br\/sistemas\/canalconfidencial\">https:\/\/www.spdm.org.br\/sistemas\/canalconfidencial<\/a>\u00a0<\/p>\n<p style=\"text-align: justify\">As informa\u00e7\u00f5es registradas ser\u00e3o recebidas e apuradas de forma independente e especializada, assegurando sigilo absoluto e o tratamento por uma al\u00e7ada independente e livre de qualquer retalia\u00e7\u00e3o.<\/p>\n<p style=\"text-align: justify\">A SPDM n\u00e3o permite retalia\u00e7\u00f5es com as manifesta\u00e7\u00f5es de boa f\u00e9 e garante a confidencialidade e sigilo de todas as den\u00fancias.<\/p>\n","protected":false},"excerpt":{"rendered":"<p>O Canal Confidencial \u00e9 um canal para comunica\u00e7\u00e3o segura e, se desejada, an\u00f4nima, de desvio ou descumprimento do C\u00f3digo de \u00c9tica e Conduta, do C\u00f3digo Anticorrup\u00e7\u00e3o e\/ou de qualquer lei, pol\u00edtica ou norma interna da SPDM, e pode ser utilizado por todos os colaboradores, parceiros, fornecedores e terceiros. https:\/\/www.spdm.org.br\/sistemas\/canalconfidencial\u00a0 As informa\u00e7\u00f5es registradas ser\u00e3o recebidas e [&#8230;]\n","protected":false},"author":1,"featured_media":0,"parent":0,"menu_order":0,"comment_status":"closed","ping_status":"closed","template":"","meta":{"footnotes":""},"class_list":["post-8721","page","type-page","status-publish","hentry"],"_links":{"self":[{"href":"https:\/\/ceafmc.animaker.com.br\/index.php?rest_route=\/wp\/v2\/pages\/8721","targetHints":{"allow":["GET"]}}],"collection":[{"href":"https:\/\/ceafmc.animaker.com.br\/index.php?rest_route=\/wp\/v2\/pages"}],"about":[{"href":"https:\/\/ceafmc.animaker.com.br\/index.php?rest_route=\/wp\/v2\/types\/page"}],"author":[{"embeddable":true,"href":"https:\/\/ceafmc.animaker.com.br\/index.php?rest_route=\/wp\/v2\/users\/1"}],"replies":[{"embeddable":true,"href":"https:\/\/ceafmc.animaker.com.br\/index.php?rest_route=%2Fwp%2Fv2%2Fcomments&post=8721"}],"version-history":[{"count":0,"href":"https:\/\/ceafmc.animaker.com.br\/index.php?rest_route=\/wp\/v2\/pages\/8721\/revisions"}],"wp:attachment":[{"href":"https:\/\/ceafmc.animaker.com.br\/index.php?rest_route=%2Fwp%2Fv2%2Fmedia&parent=8721"}],"curies":[{"name":"wp","href":"https:\/\/api.w.org\/{rel}","templated":true}]}}