{"id":8719,"date":"2020-07-29T03:25:40","date_gmt":"2020-07-29T03:25:40","guid":{"rendered":"http:\/\/amejardimdosprados.spdmafiliadas.org.br\/?page_id=8058"},"modified":"2021-07-26T11:56:51","modified_gmt":"2021-07-26T14:56:51","slug":"treinamentos-2","status":"publish","type":"page","link":"https:\/\/ceafmc.animaker.com.br\/?page_id=8719","title":{"rendered":"Treinamentos"},"content":{"rendered":"\n<div class=\"container section-title-container\" ><h3 class=\"section-title section-title-normal\"><b aria-hidden=\"true\"><\/b><span class=\"section-title-main\" >Treinamentos<\/span><b aria-hidden=\"true\"><\/b><\/h3><\/div>\n\n<div class=\"accordion\">\n\n\t<div id=\"accordion-4222728704\" class=\"accordion-item\">\n\t\t<a id=\"accordion-4222728704-label\" class=\"accordion-title plain\" href=\"#accordion-item-treinamento-da-lei-anticorrup\u00e7\u00e3o-(lei-n\u00ba-12.846\/13)\" aria-expanded=\"false\" aria-controls=\"accordion-4222728704-content\">\n\t\t\t<button class=\"toggle\" aria-label=\"Toggle\"><i class=\"icon-angle-down\" aria-hidden=\"true\"><\/i><\/button>\n\t\t\t<span>Treinamento da Lei Anticorrup\u00e7\u00e3o (Lei n\u00ba 12.846\/13)<\/span>\n\t\t<\/a>\n\t\t<div id=\"accordion-4222728704-content\" class=\"accordion-inner\" aria-labelledby=\"accordion-4222728704-label\">\n\t\t\t\n\n<div class=\"row\"  id=\"row-1178993419\">\n\n\n\t<div id=\"col-1757323264\" class=\"col medium-6 small-12 large-6\"  >\n\t\t\t\t<div class=\"col-inner\"  >\n\t\t\t\n\t\t\t\n\n<p class=\"p1\" style=\"text-align: justify\">A partir de 2016, foram iniciados treinamentos, com o objetivo divulgar e conscientizar os colaboradores sobre o Programa de Integridade, utilizando como refer\u00eancia a Lei n\u00ba12.846 de 1\u00ba de agosto de 2013. Atualmente este treinamento \u00e9 realizado na integra\u00e7\u00e3o institucional de novos colaboradores e atrav\u00e9s da plataforma EAD \u2013 Ensino a dist\u00e2ncia da SPDM\/Afiliadas (e-learning).<\/p>\n\n\t\t<\/div>\n\t\t\t\t\t<\/div>\n\n\t\n\n\t<div id=\"col-1277648622\" class=\"col medium-6 small-12 large-6\"  >\n\t\t\t\t<div class=\"col-inner\"  >\n\t\t\t\n\t\t\t\n\n<p><a href=\"https:\/\/fac.spdmafiliadas.org.br\/wp-content\/uploads\/sites\/10\/2021\/04\/programa-treinamento-combate-corrupcao.png\"><img loading=\"lazy\" decoding=\"async\" class=\"alignnone size-full wp-image-9377\" src=\"https:\/\/fac.spdmafiliadas.org.br\/wp-content\/uploads\/sites\/10\/2021\/04\/programa-treinamento-combate-corrupcao.png\" alt=\"\" width=\"512\" height=\"276\" \/><\/a><\/p>\n<p><a href=\"https:\/\/fac.spdmafiliadas.org.br\/wp-content\/uploads\/sites\/10\/2021\/04\/image4-lei-.png\"><img loading=\"lazy\" decoding=\"async\" class=\"alignnone size-full wp-image-9378\" src=\"https:\/\/fac.spdmafiliadas.org.br\/wp-content\/uploads\/sites\/10\/2021\/04\/image4-lei-.png\" alt=\"\" width=\"1127\" height=\"705\" \/><\/a><\/p>\n\n\t\t<\/div>\n\t\t\t\t\t<\/div>\n\n\t\n\n<\/div>\n\n\t\t<\/div>\n\t<\/div>\n\t\n\t<div id=\"accordion-3960537267\" class=\"accordion-item\">\n\t\t<a id=\"accordion-3960537267-label\" class=\"accordion-title plain\" href=\"#accordion-item-treinamento-compliance\" aria-expanded=\"false\" aria-controls=\"accordion-3960537267-content\">\n\t\t\t<button class=\"toggle\" aria-label=\"Toggle\"><i class=\"icon-angle-down\" aria-hidden=\"true\"><\/i><\/button>\n\t\t\t<span>Treinamento Compliance<\/span>\n\t\t<\/a>\n\t\t<div id=\"accordion-3960537267-content\" class=\"accordion-inner\" aria-labelledby=\"accordion-3960537267-label\">\n\t\t\t\n\n<div class=\"row\"  id=\"row-1729894693\">\n\n\n\t<div id=\"col-574211657\" class=\"col medium-8 small-12 large-8\"  >\n\t\t\t\t<div class=\"col-inner\"  >\n\t\t\t\n\t\t\t\n\n<p class=\"p1\" style=\"text-align: justify\"><span class=\"s1\">O Treinamento visa consolidar conceitos e capacidades de Compliance nos l\u00edderes atrav\u00e9s de abordagem t\u00e9cnica conceitual e desenvolvimento de temas do dia-a-dia da institui\u00e7\u00e3o. S\u00e3o \u00a0abordadas pr\u00e1ticas de conscientiza\u00e7\u00e3o e multiplica\u00e7\u00e3o dos fundamentos da atividade de Compliance e seus pilares, incluindo gest\u00e3o da conformidade, al\u00e9m dos fundamentos da atividade de Compliance, sua governan\u00e7a e escopo.\u00a0<\/span><\/p>\n\n\t\t<\/div>\n\t\t\t\t\t<\/div>\n\n\t\n\n\t<div id=\"col-763586332\" class=\"col medium-4 small-12 large-4\"  >\n\t\t\t\t<div class=\"col-inner\"  >\n\t\t\t\n\t\t\t\n\n<p><img loading=\"lazy\" decoding=\"async\" class=\"alignnone size-full wp-image-8962\" src=\"https:\/\/ceafmc.animaker.com.br\/wp-content\/uploads\/sites\/145\/2021\/07\/treino-compliance-1-2.png\" alt=\"\" width=\"173\" height=\"167\" \/><\/p>\n\n\t\t<\/div>\n\t\t\t\t\t<\/div>\n\n\t\n\n<\/div>\n\n\t\t<\/div>\n\t<\/div>\n\t\n\t<div id=\"accordion-2888594804\" class=\"accordion-item\">\n\t\t<a id=\"accordion-2888594804-label\" class=\"accordion-title plain\" href=\"#accordion-item-treinamento-do-manual-de-conformidade-administrativa,-pol\u00edticas-e-princ\u00edpios-de-integridade\" aria-expanded=\"false\" aria-controls=\"accordion-2888594804-content\">\n\t\t\t<button class=\"toggle\" aria-label=\"Toggle\"><i class=\"icon-angle-down\" aria-hidden=\"true\"><\/i><\/button>\n\t\t\t<span>Treinamento do Manual de Conformidade Administrativa, Pol\u00edticas e Princ\u00edpios de Integridade<\/span>\n\t\t<\/a>\n\t\t<div id=\"accordion-2888594804-content\" class=\"accordion-inner\" aria-labelledby=\"accordion-2888594804-label\">\n\t\t\t\n\n<div class=\"row\"  id=\"row-1194154838\">\n\n\n\t<div id=\"col-1677400299\" class=\"col medium-6 small-12 large-6\"  >\n\t\t\t\t<div class=\"col-inner\"  >\n\t\t\t\n\t\t\t\n\n<p style=\"text-align: justify\">Treinamento desenvolvido e aplicados na admiss\u00e3o e reciclagem dos colaboradores para a refor\u00e7ar a dissemina\u00e7\u00e3o da cultura de integridade na SPDM baseado em seu c\u00f3digo de conduta. Ap\u00f3s a realiza\u00e7\u00e3o do treinamento, os colaboradores realizam a avalia\u00e7\u00e3o para verificar a reten\u00e7\u00e3o e compreens\u00e3o das informa\u00e7\u00f5es. A partir do m\u00eas de julho de 2020 os treinamentos foram disponibilizados em modalidade e-learning.<\/p>\n\n\t\t<\/div>\n\t\t\t\t\t<\/div>\n\n\t\n\n\t<div id=\"col-302264761\" class=\"col medium-6 small-12 large-6\"  >\n\t\t\t\t<div class=\"col-inner\"  >\n\t\t\t\n\t\t\t\n\n<p><a href=\"https:\/\/fac.spdmafiliadas.org.br\/wp-content\/uploads\/sites\/10\/2021\/04\/treinamneto-1.png\"><img loading=\"lazy\" decoding=\"async\" class=\"alignnone size-full wp-image-9379\" src=\"https:\/\/fac.spdmafiliadas.org.br\/wp-content\/uploads\/sites\/10\/2021\/04\/treinamneto-1.png\" alt=\"\" width=\"512\" height=\"290\" \/><\/a><\/p>\n<p><a href=\"https:\/\/fac.spdmafiliadas.org.br\/wp-content\/uploads\/sites\/10\/2021\/04\/treinamento-2.png\"><img loading=\"lazy\" decoding=\"async\" class=\"alignnone size-full wp-image-9380\" src=\"https:\/\/fac.spdmafiliadas.org.br\/wp-content\/uploads\/sites\/10\/2021\/04\/treinamento-2.png\" alt=\"\" width=\"1438\" height=\"838\" \/><\/a><\/p>\n\n\t\t<\/div>\n\t\t\t\t\t<\/div>\n\n\t\n\n<\/div>\n\n\t\t<\/div>\n\t<\/div>\n\t\n\t<div id=\"accordion-2014795867\" class=\"accordion-item\">\n\t\t<a id=\"accordion-2014795867-label\" class=\"accordion-title plain\" href=\"#accordion-item-treinamento-de-compliance\/integridade-equipe-financeira\" aria-expanded=\"false\" aria-controls=\"accordion-2014795867-content\">\n\t\t\t<button class=\"toggle\" aria-label=\"Toggle\"><i class=\"icon-angle-down\" aria-hidden=\"true\"><\/i><\/button>\n\t\t\t<span>Treinamento de Compliance\/Integridade Equipe Financeira<\/span>\n\t\t<\/a>\n\t\t<div id=\"accordion-2014795867-content\" class=\"accordion-inner\" aria-labelledby=\"accordion-2014795867-label\">\n\t\t\t\n\n<div class=\"row\"  id=\"row-1210987828\">\n\n\n\t<div id=\"col-283175023\" class=\"col medium-6 small-12 large-6\"  >\n\t\t\t\t<div class=\"col-inner\"  >\n\t\t\t\n\t\t\t\n\n<p style=\"text-align: justify\">A partir do m\u00eas de fevereiro de 2020, foram iniciados os treinamentos direcionados \u00e0s equipes espec\u00edficas como as das \u00e1reas financeiras:\u00a0<\/p>\n<ul style=\"text-align: justify\">\n<li>Compras;\u00a0<\/li>\n<li>Contratos;<\/li>\n<li>Contabilidade;\u00a0<\/li>\n<li>Tesouraria e\u00a0<\/li>\n<li>Faturamento.\u00a0<\/li>\n<\/ul>\n<p style=\"text-align: justify\">Al\u00e9m dos aspectos citados acima, \u00e9 dada \u00eanfase em aspectos de controle como, segrega\u00e7\u00e3o de fun\u00e7\u00e3o e al\u00e7adas de valores para autoriza\u00e7\u00f5es, dentre outros.\u00a0<\/p>\n<p style=\"text-align: justify\">A partir do decreto da pandemia de COVID-19 pela OMS \u2013 Organiza\u00e7\u00e3o Mundial da Sa\u00fade, os treinamentos foram transformados em formato on-line e administrativos via plataforma Microsoft Teams.<\/p>\n\n\t\t<\/div>\n\t\t\t\t\t<\/div>\n\n\t\n\n\t<div id=\"col-1484393334\" class=\"col medium-6 small-12 large-6\"  >\n\t\t\t\t<div class=\"col-inner\"  >\n\t\t\t\n\t\t\t\n\n<p><img loading=\"lazy\" decoding=\"async\" class=\"alignnone wp-image-8963 size-full\" src=\"https:\/\/ceafmc.animaker.com.br\/wp-content\/uploads\/sites\/145\/2021\/07\/treino-para-vendas-1-2.png\" alt=\"\" width=\"633\" height=\"148\" srcset=\"https:\/\/ceafmc.animaker.com.br\/wp-content\/uploads\/sites\/145\/2021\/07\/treino-para-vendas-1-2.png 633w, https:\/\/ceafmc.animaker.com.br\/wp-content\/uploads\/sites\/145\/2021\/07\/treino-para-vendas-1-2-300x70.png 300w\" sizes=\"auto, (max-width: 633px) 100vw, 633px\" \/><\/p>\n\n\t\t<\/div>\n\t\t\t\t\t<\/div>\n\n\t\n\n<\/div>\n\n\t\t<\/div>\n\t<\/div>\n\t\n\t<div id=\"accordion-868092222\" class=\"accordion-item\">\n\t\t<a id=\"accordion-868092222-label\" class=\"accordion-title plain\" href=\"#accordion-item-treinamentos-de-compliance-para-fornecedores-e-prestadores-de-servi\u00e7os\" aria-expanded=\"false\" aria-controls=\"accordion-868092222-content\">\n\t\t\t<button class=\"toggle\" aria-label=\"Toggle\"><i class=\"icon-angle-down\" aria-hidden=\"true\"><\/i><\/button>\n\t\t\t<span>Treinamentos de Compliance para Fornecedores e Prestadores de Servi\u00e7os<\/span>\n\t\t<\/a>\n\t\t<div id=\"accordion-868092222-content\" class=\"accordion-inner\" aria-labelledby=\"accordion-868092222-label\">\n\t\t\t\n\n<div class=\"row\"  id=\"row-1912922565\">\n\n\n\t<div id=\"col-1578802216\" class=\"col medium-6 small-12 large-6\"  >\n\t\t\t\t<div class=\"col-inner\"  >\n\t\t\t\n\t\t\t\n\n<p style=\"text-align: justify\">A SPDM, iniciou no ano de 2019, treinamentos de Compliance para Fornecedores e Prestadores de Servi\u00e7os. O treinamento aborda conceitos e defini\u00e7\u00f5es de Compliance e Integridade do Manual de Conformidade Administrativa da SPDM, suas pol\u00edticas, normas e regulamentos, canais de den\u00fancias e todas as outras a\u00e7\u00f5es de promo\u00e7\u00e3o da cultura de integridade.<\/p>\n<p style=\"text-align: justify\">A partir de maio 2020 em fun\u00e7\u00e3o da pandemia de COVID-19, os treinamentos passaram a ser realizados atrav\u00e9s da plataforma EAD \u2013 Ensino a dist\u00e2ncia da SPDM\/Afiliadas.<\/p>\n<p style=\"text-align: justify\">Fornecedores e Prestadores de Servi\u00e7os da SPDM \u2013 Para inscri\u00e7\u00f5es pedimos a gentileza de enviar e-mail ao\u00a0<a href=\"mailto:treinamento.fornecedor@spdm.org.br\">treinamento.fornecedor@spdm.org.br<\/a>,\u00a0 com nome, empresa e telefone para contato. Ap\u00f3s a inscri\u00e7\u00e3o, ser\u00e1 encaminhado por e-mail o link da plataforma EAD SPDM par realiza\u00e7\u00e3o do treinamento.<\/p>\n\n\t\t<\/div>\n\t\t\t\t\t<\/div>\n\n\t\n\n\t<div id=\"col-2022944790\" class=\"col medium-6 small-12 large-6\"  >\n\t\t\t\t<div class=\"col-inner\"  >\n\t\t\t\n\t\t\t\n\n<p><a href=\"https:\/\/fac.spdmafiliadas.org.br\/wp-content\/uploads\/sites\/10\/2021\/04\/treinamento-compliance-.png\"><img loading=\"lazy\" decoding=\"async\" class=\"alignnone size-full wp-image-9381\" src=\"https:\/\/fac.spdmafiliadas.org.br\/wp-content\/uploads\/sites\/10\/2021\/04\/treinamento-compliance-.png\" alt=\"\" width=\"1440\" height=\"837\" \/><\/a><\/p>\n\n\t\t<\/div>\n\t\t\t\t\t<\/div>\n\n\t\n\n<\/div>\n\n\t\t<\/div>\n\t<\/div>\n\t\n\n<\/div>\n\n","protected":false},"excerpt":{"rendered":"","protected":false},"author":1,"featured_media":0,"parent":0,"menu_order":0,"comment_status":"closed","ping_status":"closed","template":"","meta":{"footnotes":""},"class_list":["post-8719","page","type-page","status-publish","hentry"],"_links":{"self":[{"href":"https:\/\/ceafmc.animaker.com.br\/index.php?rest_route=\/wp\/v2\/pages\/8719","targetHints":{"allow":["GET"]}}],"collection":[{"href":"https:\/\/ceafmc.animaker.com.br\/index.php?rest_route=\/wp\/v2\/pages"}],"about":[{"href":"https:\/\/ceafmc.animaker.com.br\/index.php?rest_route=\/wp\/v2\/types\/page"}],"author":[{"embeddable":true,"href":"https:\/\/ceafmc.animaker.com.br\/index.php?rest_route=\/wp\/v2\/users\/1"}],"replies":[{"embeddable":true,"href":"https:\/\/ceafmc.animaker.com.br\/index.php?rest_route=%2Fwp%2Fv2%2Fcomments&post=8719"}],"version-history":[{"count":0,"href":"https:\/\/ceafmc.animaker.com.br\/index.php?rest_route=\/wp\/v2\/pages\/8719\/revisions"}],"wp:attachment":[{"href":"https:\/\/ceafmc.animaker.com.br\/index.php?rest_route=%2Fwp%2Fv2%2Fmedia&parent=8719"}],"curies":[{"name":"wp","href":"https:\/\/api.w.org\/{rel}","templated":true}]}}