{"id":8718,"date":"2020-07-29T03:25:13","date_gmt":"2020-07-29T03:25:13","guid":{"rendered":"http:\/\/amejardimdosprados.spdmafiliadas.org.br\/?page_id=8057"},"modified":"2021-07-26T11:54:55","modified_gmt":"2021-07-26T14:54:55","slug":"comunicacao-2","status":"publish","type":"page","link":"https:\/\/ceafmc.animaker.com.br\/?page_id=8718","title":{"rendered":"Comunica\u00e7\u00e3o"},"content":{"rendered":"\n<div class=\"container section-title-container\" ><h3 class=\"section-title section-title-normal\"><b aria-hidden=\"true\"><\/b><span class=\"section-title-main\" >Comunica\u00e7\u00e3o<\/span><b aria-hidden=\"true\"><\/b><\/h3><\/div>\n\n<div class=\"accordion\">\n\n\t<div id=\"accordion-1146031113\" class=\"accordion-item\">\n\t\t<a id=\"accordion-1146031113-label\" class=\"accordion-title plain\" href=\"#accordion-item-informativos---banner\" aria-expanded=\"false\" aria-controls=\"accordion-1146031113-content\">\n\t\t\t<button class=\"toggle\" aria-label=\"Toggle\"><i class=\"icon-angle-down\" aria-hidden=\"true\"><\/i><\/button>\n\t\t\t<span>Informativos - Banner<\/span>\n\t\t<\/a>\n\t\t<div id=\"accordion-1146031113-content\" class=\"accordion-inner\" aria-labelledby=\"accordion-1146031113-label\">\n\t\t\t\n\n<div class=\"row row-small\"  id=\"row-452900003\">\n\n\n\t<div id=\"col-436522084\" class=\"col medium-6 small-12 large-6\"  >\n\t\t\t\t<div class=\"col-inner\"  >\n\t\t\t\n\t\t\t\n\n<p class=\"p2\" style=\"text-align: justify\">Em diversos pontos, com maior circula\u00e7\u00e3o de profissionais, pacientes, familiares, fornecedores, dentre outros, est\u00e3o dispostos banner\u2019s com a divulga\u00e7\u00e3o do Manual de Conformidade Administrativa, pol\u00edticas e Princ\u00edpios de Integridade e do Canais de Confidencial da SPDM.<\/p>\n\n\t\t<\/div>\n\t\t\t\t\t<\/div>\n\n\t\n\n\t<div id=\"col-1767906438\" class=\"col medium-6 small-12 large-6\"  >\n\t\t\t\t<div class=\"col-inner\"  >\n\t\t\t\n\t\t\t\n\n<p><a href=\"https:\/\/fac.spdmafiliadas.org.br\/wp-content\/uploads\/sites\/10\/2021\/04\/image6-afiliadas-cartaz.png\"><img loading=\"lazy\" decoding=\"async\" class=\"alignnone size-full wp-image-9376\" src=\"https:\/\/fac.spdmafiliadas.org.br\/wp-content\/uploads\/sites\/10\/2021\/04\/image6-afiliadas-cartaz.png\" alt=\"\" width=\"879\" height=\"1137\" \/><\/a><\/p>\n\n\t\t<\/div>\n\t\t\t\t\t<\/div>\n\n\t\n\n<\/div>\n\n\t\t<\/div>\n\t<\/div>\n\t\n\t<div id=\"accordion-3181695253\" class=\"accordion-item\">\n\t\t<a id=\"accordion-3181695253-label\" class=\"accordion-title plain\" href=\"#accordion-item-informativos---v\u00eddeos-de-sensibiliza\u00e7\u00e3o\" aria-expanded=\"false\" aria-controls=\"accordion-3181695253-content\">\n\t\t\t<button class=\"toggle\" aria-label=\"Toggle\"><i class=\"icon-angle-down\" aria-hidden=\"true\"><\/i><\/button>\n\t\t\t<span>Informativos - V\u00eddeos de Sensibiliza\u00e7\u00e3o<\/span>\n\t\t<\/a>\n\t\t<div id=\"accordion-3181695253-content\" class=\"accordion-inner\" aria-labelledby=\"accordion-3181695253-label\">\n\t\t\t\n\n<p class=\"p1\" style=\"text-align: justify\"><span class=\"s1\">A SPDM desenvolveu e divulga amplamente, por toda a institui\u00e7\u00e3o, v\u00eddeos que, em uma linguagem simplificada, abordem temas relacionados \u00e0 integridade<\/span><\/p>\n<div class=\"container section-title-container\" ><h3 class=\"section-title section-title-normal\"><b aria-hidden=\"true\"><\/b><span class=\"section-title-main\" ><i class=\"icon-play\" aria-hidden=\"true\"><\/i>Compliance<\/span><b aria-hidden=\"true\"><\/b><\/h3><\/div>\r\n\r\n<div class=\"row\"  id=\"row-567228590\">\r\n\r\n\n\t<div id=\"col-1123249596\" class=\"col medium-8 small-12 large-8\"  >\n\t\t\t\t<div class=\"col-inner\"  >\n\t\t\t\n\t\t\t\r\n\r\n<div style=\"width: 600px;\" class=\"wp-video\"><video class=\"wp-video-shortcode\" id=\"video-8718-1\" width=\"600\" height=\"338\" preload=\"metadata\" controls=\"controls\"><source type=\"video\/mp4\" src=\"https:\/\/ceafmc.animaker.com.br\/wp-content\/uploads\/sites\/145\/2021\/07\/SPDM-News-Compliance-site-2-5.mp4?_=1\" \/><a href=\"https:\/\/ceafmc.animaker.com.br\/wp-content\/uploads\/sites\/145\/2021\/07\/SPDM-News-Compliance-site-2-5.mp4\">https:\/\/ceafmc.animaker.com.br\/wp-content\/uploads\/sites\/145\/2021\/07\/SPDM-News-Compliance-site-2-5.mp4<\/a><\/video><\/div>\r\n\r\n\t\t<\/div>\n\t\t\t\t\t<\/div>\n\n\t\r\n\n\t<div id=\"col-202510736\" class=\"col medium-4 small-12 large-4\"  >\n\t\t\t\t<div class=\"col-inner\"  >\n\t\t\t\n\t\t\t\r\n\r\n\t\t<\/div>\n\t\t\t\t\t<\/div>\n\n\t\r\n\r\n<\/div>\n\n\n\t\t<\/div>\n\t<\/div>\n\t\n\t<div id=\"accordion-4286464156\" class=\"accordion-item\">\n\t\t<a id=\"accordion-4286464156-label\" class=\"accordion-title plain\" href=\"#accordion-item-ecos-(espa\u00e7o-de-comunica\u00e7\u00e3o-organizacional-da-spdm)\" aria-expanded=\"false\" aria-controls=\"accordion-4286464156-content\">\n\t\t\t<button class=\"toggle\" aria-label=\"Toggle\"><i class=\"icon-angle-down\" aria-hidden=\"true\"><\/i><\/button>\n\t\t\t<span>ECOS (Espa\u00e7o de Comunica\u00e7\u00e3o Organizacional da SPDM)<\/span>\n\t\t<\/a>\n\t\t<div id=\"accordion-4286464156-content\" class=\"accordion-inner\" aria-labelledby=\"accordion-4286464156-label\">\n\t\t\t\n\n<p class=\"p1\"><span class=\"s1\"><b><img loading=\"lazy\" decoding=\"async\" class=\"wp-image-7700alignleft\" src=\"https:\/\/ceafmc.animaker.com.br\/wp-content\/uploads\/sites\/145\/2021\/07\/logo-ecos-spdm-280x272-1.png\" alt=\"\" width=\"53\" height=\"48\" \/>ECOS (Espa\u00e7o de Comunica\u00e7\u00e3o Organizacional da SPDM)<\/b><\/span><\/p>\n<div class=\"row\"  id=\"row-1177720025\">\n\n\n\t<div id=\"col-782741235\" class=\"col medium-4 small-12 large-4\"  >\n\t\t\t\t<div class=\"col-inner\"  >\n\t\t\t\n\t\t\t\n\n<p><a href=\"https:\/\/www.spdmafiliadas.org.br\/ecos-espaco-de-comunicacao-organizacional-spdm\/\"><img loading=\"lazy\" decoding=\"async\" class=\"aligncenter wp-image-7901 size-full\" src=\"https:\/\/ceafmc.animaker.com.br\/wp-content\/uploads\/sites\/145\/2021\/07\/edicao-1-1.png\" alt=\"\" width=\"640\" height=\"370\" \/><\/a><\/p>\n<p style=\"text-align: center\"><a href=\"https:\/\/www.spdmafiliadas.org.br\/ecos-espaco-de-comunicacao-organizacional-spdm\/\">Edi\u00e7\u00e3o 01 &#8211; \u00c9tica Empresarial<\/a><\/p>\n\n\t\t<\/div>\n\t\t\t\t\t<\/div>\n\n\t\n\n\t<div id=\"col-477966811\" class=\"col medium-4 small-12 large-4\"  >\n\t\t\t\t<div class=\"col-inner\"  >\n\t\t\t\n\t\t\t\n\n<p><a href=\"https:\/\/www.spdmafiliadas.org.br\/ecos-espaco-de-comunicacao-organizacional-spdm\/\"><img loading=\"lazy\" decoding=\"async\" class=\"aligncenter wp-image-7902 size-full\" src=\"https:\/\/ceafmc.animaker.com.br\/wp-content\/uploads\/sites\/145\/2021\/07\/edicao-2-1.png\" alt=\"\" width=\"640\" height=\"370\" \/><\/a><\/p>\n<p style=\"text-align: center\"><a href=\"https:\/\/www.spdmafiliadas.org.br\/ecos-espaco-de-comunicacao-organizacional-spdm\/\">Edi\u00e7\u00e3o 02 &#8211; Compliance e Integridade<\/a><\/p>\n\n\t\t<\/div>\n\t\t\t\t\t<\/div>\n\n\t\n\n\t<div id=\"col-1709563499\" class=\"col medium-4 small-12 large-4\"  >\n\t\t\t\t<div class=\"col-inner\"  >\n\t\t\t\n\t\t\t\n\n<p><a href=\"https:\/\/www.spdmafiliadas.org.br\/ecos-espaco-de-comunicacao-organizacional-spdm\/\"><img loading=\"lazy\" decoding=\"async\" class=\"alignnone wp-image-7907 size-medium\" src=\"https:\/\/ceafmc.animaker.com.br\/wp-content\/uploads\/sites\/145\/2021\/07\/edicao-7-300x173-1-1.png\" alt=\"\" width=\"300\" height=\"173\" \/><\/a><\/p>\n<p><a href=\"https:\/\/www.spdmafiliadas.org.br\/ecos-espaco-de-comunicacao-organizacional-spdm\/\">Edi\u00e7\u00e3o 07 &#8211; \u00c9tica Empresarial &#8211; Relacionamento com Fornecedores<\/a><\/p>\n\n\t\t<\/div>\n\t\t\t\t\t<\/div>\n\n\t\n\n<\/div>\n<a href=\"https:\/\/www.spdmafiliadas.org.br\/ecos-espaco-de-comunicacao-organizacional-spdm\/\" class=\"button secondary is-underline lowercase\" >\n\t\t<span>Saiba Mais<\/span>\n\t<i class=\"icon-angle-right\" aria-hidden=\"true\"><\/i><\/a>\n\n\n\n\t\t<\/div>\n\t<\/div>\n\t\n\t<div id=\"accordion-2100204379\" class=\"accordion-item\">\n\t\t<a id=\"accordion-2100204379-label\" class=\"accordion-title plain\" href=\"#accordion-item-relat\u00f3rio-de-compliance-e-integridade-spdm\" aria-expanded=\"false\" aria-controls=\"accordion-2100204379-content\">\n\t\t\t<button class=\"toggle\" aria-label=\"Toggle\"><i class=\"icon-angle-down\" aria-hidden=\"true\"><\/i><\/button>\n\t\t\t<span>Relat\u00f3rio de Compliance e Integridade SPDM<\/span>\n\t\t<\/a>\n\t\t<div id=\"accordion-2100204379-content\" class=\"accordion-inner\" aria-labelledby=\"accordion-2100204379-label\">\n\t\t\t\n\n<p><a href=\"https:\/\/www.spdmafiliadas.org.br\/relatorio-de-compliance-e-integridade\/\" data-wplink-edit=\"true\">Relat\u00f3rio Compliance &#8211; Saiba Mais<\/a><\/p>\n\t<div class=\"img has-hover x md-x lg-x y md-y lg-y\" id=\"image_1926622262\">\n\t\t\t\t\t\t\t\t<div class=\"img-inner dark\" >\n\t\t\t\t\t\t\t\t\t\n\t\t\t\t\t<\/div>\n\t\t\t\t\t\t\t\t\n<style>\n#image_1926622262 {\n  width: 35%;\n}\n<\/style>\n\t<\/div>\n\t\n\n\n\t\t<\/div>\n\t<\/div>\n\t\n\n<\/div>\n\n","protected":false},"excerpt":{"rendered":"","protected":false},"author":1,"featured_media":0,"parent":0,"menu_order":0,"comment_status":"closed","ping_status":"closed","template":"","meta":{"footnotes":""},"class_list":["post-8718","page","type-page","status-publish","hentry"],"_links":{"self":[{"href":"https:\/\/ceafmc.animaker.com.br\/index.php?rest_route=\/wp\/v2\/pages\/8718","targetHints":{"allow":["GET"]}}],"collection":[{"href":"https:\/\/ceafmc.animaker.com.br\/index.php?rest_route=\/wp\/v2\/pages"}],"about":[{"href":"https:\/\/ceafmc.animaker.com.br\/index.php?rest_route=\/wp\/v2\/types\/page"}],"author":[{"embeddable":true,"href":"https:\/\/ceafmc.animaker.com.br\/index.php?rest_route=\/wp\/v2\/users\/1"}],"replies":[{"embeddable":true,"href":"https:\/\/ceafmc.animaker.com.br\/index.php?rest_route=%2Fwp%2Fv2%2Fcomments&post=8718"}],"version-history":[{"count":0,"href":"https:\/\/ceafmc.animaker.com.br\/index.php?rest_route=\/wp\/v2\/pages\/8718\/revisions"}],"wp:attachment":[{"href":"https:\/\/ceafmc.animaker.com.br\/index.php?rest_route=%2Fwp%2Fv2%2Fmedia&parent=8718"}],"curies":[{"name":"wp","href":"https:\/\/api.w.org\/{rel}","templated":true}]}}