{"id":8716,"date":"2020-07-29T03:24:13","date_gmt":"2020-07-29T03:24:13","guid":{"rendered":"http:\/\/amejardimdosprados.spdmafiliadas.org.br\/?page_id=8055"},"modified":"2020-07-29T03:24:13","modified_gmt":"2020-07-29T03:24:13","slug":"relatorio-de-compliance-e-integridade-2","status":"publish","type":"page","link":"https:\/\/ceafmc.animaker.com.br\/?page_id=8716","title":{"rendered":"Relat\u00f3rio de Compliance e Integridade"},"content":{"rendered":"\n<div class=\"row row-small\"  id=\"row-84424773\">\n\n\n\t<div id=\"col-851375797\" class=\"col small-12 large-12\"  >\n\t\t\t\t<div class=\"col-inner\"  >\n\t\t\t\n\t\t\t\n\n<div class=\"container section-title-container\" ><h3 class=\"section-title section-title-normal\"><b aria-hidden=\"true\"><\/b><span class=\"section-title-main\" >Relat\u00f3rio de Compliance<\/span><b aria-hidden=\"true\"><\/b><\/h3><\/div>\n\n<p class=\"p1\" style=\"text-align: justify\"><span class=\"s1\">Este relat\u00f3rio apresenta as a\u00e7\u00f5es de Compliance que foram realizadas nas Institui\u00e7\u00f5es Afiliadas, conforme as diretrizes do Programa de Compliance e Integridade da SPDM.<\/span><\/p>\n<p style=\"text-align: center\"><img loading=\"lazy\" decoding=\"async\" class=\"alignnone wp-image-8973\" src=\"http:\/\/s37547.p1360.sites.pressdns.com\/wp-content\/uploads\/2021\/04\/2021.03.18-Relatorio_COMPLIANCE_4_DIGITAL-1-565x800-1.jpg\" alt=\"\" width=\"424\" height=\"600\" \/><\/p>\n\n\t\t<\/div>\n\t\t\t\t\t<\/div>\n\n\t\n\n<\/div>\n\n","protected":false},"excerpt":{"rendered":"","protected":false},"author":1,"featured_media":0,"parent":0,"menu_order":0,"comment_status":"closed","ping_status":"closed","template":"","meta":{"footnotes":""},"class_list":["post-8716","page","type-page","status-publish","hentry"],"_links":{"self":[{"href":"https:\/\/ceafmc.animaker.com.br\/index.php?rest_route=\/wp\/v2\/pages\/8716","targetHints":{"allow":["GET"]}}],"collection":[{"href":"https:\/\/ceafmc.animaker.com.br\/index.php?rest_route=\/wp\/v2\/pages"}],"about":[{"href":"https:\/\/ceafmc.animaker.com.br\/index.php?rest_route=\/wp\/v2\/types\/page"}],"author":[{"embeddable":true,"href":"https:\/\/ceafmc.animaker.com.br\/index.php?rest_route=\/wp\/v2\/users\/1"}],"replies":[{"embeddable":true,"href":"https:\/\/ceafmc.animaker.com.br\/index.php?rest_route=%2Fwp%2Fv2%2Fcomments&post=8716"}],"version-history":[{"count":0,"href":"https:\/\/ceafmc.animaker.com.br\/index.php?rest_route=\/wp\/v2\/pages\/8716\/revisions"}],"wp:attachment":[{"href":"https:\/\/ceafmc.animaker.com.br\/index.php?rest_route=%2Fwp%2Fv2%2Fmedia&parent=8716"}],"curies":[{"name":"wp","href":"https:\/\/api.w.org\/{rel}","templated":true}]}}