{"id":8715,"date":"2020-07-29T03:23:40","date_gmt":"2020-07-29T03:23:40","guid":{"rendered":"http:\/\/amejardimdosprados.spdmafiliadas.org.br\/?page_id=8054"},"modified":"2020-07-29T03:23:40","modified_gmt":"2020-07-29T03:23:40","slug":"politicas-normas-e-regulamentos-2","status":"publish","type":"page","link":"https:\/\/ceafmc.animaker.com.br\/?page_id=8715","title":{"rendered":"Pol\u00edticas, Normas e Regulamentos"},"content":{"rendered":"<div class=\"row row-small\"  id=\"row-330541006\">\n\n\t<div id=\"col-866202565\" class=\"col small-12 large-12\"  >\n\t\t\t\t<div class=\"col-inner\"  >\n\t\t\t\n\t\t\t\n<div class=\"container section-title-container\" ><h4 class=\"section-title section-title-normal\"><b aria-hidden=\"true\"><\/b><span class=\"section-title-main\" >Pol\u00edticas, Normas e Regulamentos<\/span><b aria-hidden=\"true\"><\/b><\/h4><\/div>\n<p class=\"p1\" style=\"text-align: justify\"><span class=\"s1\">As Pol\u00edticas, Normas e Regulamentos Institucionais tem por objetivo garantir qualidade, seguran\u00e7a, transpar\u00eancia e \u00e9tica na realiza\u00e7\u00e3o dos processos, bem como, o cumprimento das legisla\u00e7\u00f5es vigentes (federais, estaduais e municipais). <\/span><\/p>\n<div class=\"accordion\">\n\t<div id=\"accordion-2489008269\" class=\"accordion-item\">\n\t\t<a id=\"accordion-2489008269-label\" class=\"accordion-title plain\" href=\"#accordion-item-pol\u00edticas-institucionais\" aria-expanded=\"false\" aria-controls=\"accordion-2489008269-content\">\n\t\t\t<button class=\"toggle\" aria-label=\"Toggle\"><i class=\"icon-angle-down\" aria-hidden=\"true\"><\/i><\/button>\n\t\t\t<span>Pol\u00edticas Institucionais<\/span>\n\t\t<\/a>\n\t\t<div id=\"accordion-2489008269-content\" class=\"accordion-inner\" aria-labelledby=\"accordion-2489008269-label\">\n\t\t\t\n<p class=\"p1\" style=\"text-align: justify\"><span class=\"s1\">As Pol\u00edticas Institucionais tem o objetivo de dar maior transpar\u00eancia a gest\u00e3o e processos internos. <\/span><\/p>\n<p class=\"p1\" style=\"text-align: justify\"><span class=\"s1\">Os documentos (Pol\u00edticas Institucionais), visam a qualidade, seguran\u00e7a, transpar\u00eancia e \u00e9tica na realiza\u00e7\u00e3o dos processos nas unidades sob gest\u00e3o da SPDM, bem como o cumprimento das legisla\u00e7\u00f5es vigentes nos \u00e2mbitos Federais, Estaduais e Municipais.<\/span><\/p>\n<p class=\"p1\" style=\"text-align: justify\"><span class=\"s1\">As diretrizes b\u00e1sicas das Pol\u00edticas da SPDM:<\/span><\/p>\n<ul class=\"ul1\" style=\"text-align: justify\">\n<li class=\"li1\"><span class=\"s1\">Utilizar-se da cultura da sustentabilidade com o uso racional dos recursos financeiros;<\/span><\/li>\n<li class=\"li1\"><span class=\"s1\">Estabelecer procedimentos coerentes ao neg\u00f3cio, legais e documentados;<\/span><\/li>\n<li class=\"li1\"><span class=\"s1\">Fazer proveito da expertise t\u00e9cnica e administrativa, no estabelecimento de padr\u00f5es t\u00e9cnicos, administrativos e \u00e9ticos, afim de mitigar quaisquer riscos (controles internos); <\/span><\/li>\n<li class=\"li1\"><span class=\"s1\">Estabelecer de forma correta, justa e com equidade as linhas de defesa e segrega\u00e7\u00e3o de fun\u00e7\u00e3o;<\/span><\/li>\n<li class=\"li1\"><span class=\"s1\">Proceder com a salvaguarda dos documentos com integridade, seguindo as normas e prazos legais.<\/span><\/li>\n<\/ul>\n<p class=\"p3\" style=\"text-align: justify\"><span class=\"s1\">S\u00e3o as Pol\u00edticas Institucionais institu\u00eddas:<\/span><\/p>\n<ul>\n<li><span class=\"s1\">Administra\u00e7\u00e3o de Pessoal<\/span><\/li>\n<li><span class=\"s1\">Comit\u00ea T\u00e9cnico de Qualifica\u00e7\u00e3o de Fornecedores<\/span><\/li>\n<li><span class=\"s1\">Compras<\/span><\/li>\n<li><span class=\"s1\">Contratos<\/span><\/li>\n<li>Doa\u00e7\u00f5es<\/li>\n<li><span class=\"s1\">Gest\u00e3o de Estoque<\/span><\/li>\n<li><span class=\"s1\">Meio Ambiente<\/span><\/li>\n<li><span class=\"s1\">Servi\u00e7o de Seguran\u00e7a e Medicina do Trabalho<\/span><\/li>\n<li><span class=\"s1\">Qualidade e Seguran\u00e7a do Paciente<\/span><\/li>\n<li><span class=\"s1\">Tecnologia da Informa\u00e7\u00e3o<\/span><\/li>\n<li><span class=\"s1\">Gest\u00e3o de Risco<\/span><\/li>\n<\/ul>\n<p class=\"p1\" style=\"text-align: justify\"><span class=\"s1\"><i>Pol\u00edticas aprovadas pelo Conselho Administrativo da SPDM.<\/i><\/span><\/p>\n\t\t<\/div>\n\t<\/div>\n\t\n\t<div id=\"accordion-832680953\" class=\"accordion-item\">\n\t\t<a id=\"accordion-832680953-label\" class=\"accordion-title plain\" href=\"#accordion-item-normas-e-regulamentos-institucionais\" aria-expanded=\"false\" aria-controls=\"accordion-832680953-content\">\n\t\t\t<button class=\"toggle\" aria-label=\"Toggle\"><i class=\"icon-angle-down\" aria-hidden=\"true\"><\/i><\/button>\n\t\t\t<span>Normas e Regulamentos Institucionais<\/span>\n\t\t<\/a>\n\t\t<div id=\"accordion-832680953-content\" class=\"accordion-inner\" aria-labelledby=\"accordion-832680953-label\">\n\t\t\t\n<p class=\"p1\" style=\"text-align: justify\"><span class=\"s1\">As Normas e Regulamentos Institucionais, visam estabelecer e disseminar diretrizes que norteiam as atua\u00e7\u00f5es e pr\u00e1ticas dos profissionais da SPDM em unidades sob sua gest\u00e3o, assim como as m\u00faltiplas formas de contato destes, seja no n\u00edvel interno, nas interfaces multiprofissionais, seja no \u00e2mbito externo nos contratos com p\u00fablico de forma geral.<\/span><\/p>\n<p class=\"p1\" style=\"text-align: justify\"><span class=\"s1\">Os profissionais devem seguir a norma para a realiza\u00e7\u00e3o de suas pr\u00e1ticas profissionais, entretanto, n\u00e3o devem se limitar a ela, utilizando-se das diversos, respeitando a sua hierarquia (legisla\u00e7\u00f5es, c\u00f3digos de conduta, pol\u00edticas, regulamentos e manuais de opera\u00e7\u00e3o). <\/span><\/p>\n<p class=\"p1\" style=\"text-align: justify\"><span class=\"s1\">Documentos Institucionais, documentos operacionais gerais e espec\u00edficos de \u00e1reas e\/ou servi\u00e7os, \u00f3rg\u00e3os profissionais, legisla\u00e7\u00f5es vigentes e qualquer outro de cunho t\u00e9cnico e legal, devem resguardar o processo operacional e decis\u00f3rio. <\/span><\/p>\n<p class=\"p1\" style=\"text-align: justify\"><span class=\"s1\">S\u00e3o as Normas e Regulamentos Institucionais institu\u00eddos:<\/span><\/p>\n<ul>\n<li><span class=\"s1\">Norma de Administra\u00e7\u00e3o de Pessoal<\/span><\/li>\n<li><span class=\"s1\">Regulamento de Administra\u00e7\u00e3o de Pessoal<\/span><\/li>\n<li><span class=\"s1\">Norma do Comit\u00ea T\u00e9cnico de Qualifica\u00e7\u00e3o de Fornecedores<\/span><\/li>\n<li><span class=\"s1\">Norma de Compras<\/span><\/li>\n<li><span class=\"s1\">Regulamento de Compras<\/span><\/li>\n<li><span class=\"s1\">Norma de Contratos<\/span><\/li>\n<li><span class=\"s1\">Norma de Gest\u00e3o de Estoque<\/span><\/li>\n<li><span class=\"s1\">Norma de Meio Ambiente<\/span><\/li>\n<li><span class=\"s1\">Norma de Servi\u00e7o de Seguran\u00e7a e Medicina do Trabalho<\/span><\/li>\n<li><span class=\"s1\">Norma de Qualidade e Seguran\u00e7a do Paciente<\/span><\/li>\n<li><span class=\"s1\">Norma de Tecnologia da Informa\u00e7\u00e3o<\/span><\/li>\n<li><span class=\"s1\">Norma de OPME<\/span><\/li>\n<\/ul>\n\t\t<\/div>\n\t<\/div>\n\t\n<\/div>\n\t\t<\/div>\n\t\t\t\t\t<\/div>\n\n\t\n<\/div>\n","protected":false},"excerpt":{"rendered":"","protected":false},"author":1,"featured_media":0,"parent":0,"menu_order":0,"comment_status":"closed","ping_status":"closed","template":"","meta":{"footnotes":""},"class_list":["post-8715","page","type-page","status-publish","hentry"],"_links":{"self":[{"href":"https:\/\/ceafmc.animaker.com.br\/index.php?rest_route=\/wp\/v2\/pages\/8715","targetHints":{"allow":["GET"]}}],"collection":[{"href":"https:\/\/ceafmc.animaker.com.br\/index.php?rest_route=\/wp\/v2\/pages"}],"about":[{"href":"https:\/\/ceafmc.animaker.com.br\/index.php?rest_route=\/wp\/v2\/types\/page"}],"author":[{"embeddable":true,"href":"https:\/\/ceafmc.animaker.com.br\/index.php?rest_route=\/wp\/v2\/users\/1"}],"replies":[{"embeddable":true,"href":"https:\/\/ceafmc.animaker.com.br\/index.php?rest_route=%2Fwp%2Fv2%2Fcomments&post=8715"}],"version-history":[{"count":0,"href":"https:\/\/ceafmc.animaker.com.br\/index.php?rest_route=\/wp\/v2\/pages\/8715\/revisions"}],"wp:attachment":[{"href":"https:\/\/ceafmc.animaker.com.br\/index.php?rest_route=%2Fwp%2Fv2%2Fmedia&parent=8715"}],"curies":[{"name":"wp","href":"https:\/\/api.w.org\/{rel}","templated":true}]}}