{"id":8714,"date":"2020-07-29T03:23:03","date_gmt":"2020-07-29T03:23:03","guid":{"rendered":"http:\/\/amejardimdosprados.spdmafiliadas.org.br\/?page_id=8053"},"modified":"2020-07-29T03:23:03","modified_gmt":"2020-07-29T03:23:03","slug":"manual-de-conformidade-administrativa-politicas-e-principios-de-integridade-2","status":"publish","type":"page","link":"https:\/\/ceafmc.animaker.com.br\/?page_id=8714","title":{"rendered":"Manual de Conformidade Administrativa, Pol\u00edticas e Princ\u00edpios de Integridade"},"content":{"rendered":"\n<div class=\"container section-title-container\" ><h3 class=\"section-title section-title-normal\"><b aria-hidden=\"true\"><\/b><span class=\"section-title-main\" >Manual de Conformidade Administrativa, Pol\u00edticas e Princ\u00edpios de Integridade<\/span><b aria-hidden=\"true\"><\/b><\/h3><\/div>\n\n<div class=\"row row-small\"  id=\"row-1714629394\">\n\n\n\t<div id=\"col-448539173\" class=\"col small-12 large-12\"  >\n\t\t\t\t<div class=\"col-inner\"  >\n\t\t\t\n\t\t\t\n\n<p style=\"text-align: center\"><img loading=\"lazy\" decoding=\"async\" class=\"alignnone wp-image-8968\" src=\"http:\/\/s37547.p1360.sites.pressdns.com\/wp-content\/uploads\/2021\/04\/Manual_CAPPI_2018_WEB-1-565x800-1.jpeg\" alt=\"\" width=\"424\" height=\"600\" \/><\/p>\n<div class=\"is-divider divider clearfix\" style=\"max-width:430px;\"><\/div>\n\n<div class=\"row\"  id=\"row-132293285\">\n\n\n\t<div id=\"col-48077812\" class=\"col medium-4 small-12 large-4\"  >\n\t\t\t\t<div class=\"col-inner text-center\"  >\n\t\t\t\n\t\t\t\n\n\t<div class=\"img has-hover x md-x lg-x y md-y lg-y\" id=\"image_2015089267\">\n\t\t\t\t\t\t\t\t<div class=\"img-inner dark\" >\n\t\t\t\t\t\t\t\t\t\n\t\t\t\t\t<\/div>\n\t\t\t\t\t\t\t\t\n<style>\n#image_2015089267 {\n  width: 34%;\n}\n<\/style>\n\t<\/div>\n\t\n\n\n\t\t<\/div>\n\t\t\t\t\t<\/div>\n\n\t\n\n\t<div id=\"col-62252593\" class=\"col medium-8 small-12 large-8\"  >\n\t\t\t\t<div class=\"col-inner\"  >\n\t\t\t\n\t\t\t\n\n<p style=\"text-align: justify\"><span style=\"font-weight: 400\">Tamb\u00e9m \u00e9 disponibilizado o aplicativo para smartphone com o Manual de Conformidade Administrativa, Pol\u00edticas e Princ\u00edpios de Integridade da SPDM. <\/span><\/p>\n<p style=\"text-align: justify\"><span style=\"font-weight: 400\">Este aplicativo possui links de acesso direto ao Canal de Den\u00fancias, por meio dos sites da SPDM.<\/span><\/p>\n\n\t\t<\/div>\n\t\t\t\t\t<\/div>\n\n\t\n\n<\/div>\n\n\t\t<\/div>\n\t\t\t\t\t<\/div>\n\n\t\n\n<\/div>\n<h5 class=\"uppercase\">Manual de conformidade &#8211; anima\u00e7\u00f5es<\/h5>\n<div class=\"row row-small row-dashed\"  id=\"row-779313617\">\n\n\n\t<div id=\"col-2134107038\" class=\"col medium-4 small-12 large-4\"  >\n\t\t\t\t<div class=\"col-inner\"  >\n\t\t\t\n\t\t\t\n\n<p>Introdu\u00e7\u00e3o<\/p>\n<div style=\"width: 600px;\" class=\"wp-video\"><video class=\"wp-video-shortcode\" id=\"video-8714-1\" width=\"600\" height=\"338\" preload=\"metadata\" controls=\"controls\"><source type=\"video\/mp4\" src=\"http:\/\/amejardimdosprados.spdmafiliadas.org.br\/wp-content\/uploads\/sites\/43\/2020\/06\/Manual-de-Conformidade-SPDM-Introduc\u0327a\u0303o-e-Abrange\u0302ncia-1.mp4?_=1\" \/><a href=\"http:\/\/amejardimdosprados.spdmafiliadas.org.br\/wp-content\/uploads\/sites\/43\/2020\/06\/Manual-de-Conformidade-SPDM-Introduc\u0327a\u0303o-e-Abrange\u0302ncia-1.mp4\">http:\/\/amejardimdosprados.spdmafiliadas.org.br\/wp-content\/uploads\/sites\/43\/2020\/06\/Manual-de-Conformidade-SPDM-Introduc\u0327a\u0303o-e-Abrange\u0302ncia-1.mp4<\/a><\/video><\/div>\n\n\t\t<\/div>\n\t\t\t\t\t<\/div>\n\n\t\n\n\t<div id=\"col-736600256\" class=\"col medium-4 small-12 large-4\"  >\n\t\t\t\t<div class=\"col-inner\"  >\n\t\t\t\n\t\t\t\n\n<p>Cap\u00edtulo 3 &#8211; Defini\u00e7\u00f5es | Conceitos<\/p>\n<div style=\"width: 600px;\" class=\"wp-video\"><video class=\"wp-video-shortcode\" id=\"video-8714-2\" width=\"600\" height=\"338\" preload=\"metadata\" controls=\"controls\"><source type=\"video\/mp4\" src=\"http:\/\/amejardimdosprados.spdmafiliadas.org.br\/wp-content\/uploads\/sites\/43\/2020\/06\/Capitulo-3-Definicoes-e-Conceitos-1.mp4?_=2\" \/><a href=\"http:\/\/amejardimdosprados.spdmafiliadas.org.br\/wp-content\/uploads\/sites\/43\/2020\/06\/Capitulo-3-Definicoes-e-Conceitos-1.mp4\">http:\/\/amejardimdosprados.spdmafiliadas.org.br\/wp-content\/uploads\/sites\/43\/2020\/06\/Capitulo-3-Definicoes-e-Conceitos-1.mp4<\/a><\/video><\/div>\n\n\t\t<\/div>\n\t\t\t\t\t<\/div>\n\n\t\n\n\t<div id=\"col-1199611088\" class=\"col medium-4 small-12 large-4\"  >\n\t\t\t\t<div class=\"col-inner\"  >\n\t\t\t\n\t\t\t\n\n<p>Cap\u00edtulo 4 &#8211; Diretrizes Legais<\/p>\n<div style=\"width: 600px;\" class=\"wp-video\"><video class=\"wp-video-shortcode\" id=\"video-8714-3\" width=\"600\" height=\"338\" preload=\"metadata\" controls=\"controls\"><source type=\"video\/mp4\" src=\"http:\/\/amejardimdosprados.spdmafiliadas.org.br\/wp-content\/uploads\/sites\/43\/2020\/06\/Capitulo-4-Diretrizes-Legais-1.mp4?_=3\" \/><a href=\"http:\/\/amejardimdosprados.spdmafiliadas.org.br\/wp-content\/uploads\/sites\/43\/2020\/06\/Capitulo-4-Diretrizes-Legais-1.mp4\">http:\/\/amejardimdosprados.spdmafiliadas.org.br\/wp-content\/uploads\/sites\/43\/2020\/06\/Capitulo-4-Diretrizes-Legais-1.mp4<\/a><\/video><\/div>\n\n\t\t<\/div>\n\t\t\t\t\t<\/div>\n\n\t\n\n\t<div id=\"col-2015231147\" class=\"col medium-4 small-12 large-4\"  >\n\t\t\t\t<div class=\"col-inner\"  >\n\t\t\t\n\t\t\t\n\n<p>Cap\u00edtulo 5 &#8211; Da Governan\u00e7a Corporativa<\/p>\n<div style=\"width: 600px;\" class=\"wp-video\"><video class=\"wp-video-shortcode\" id=\"video-8714-4\" width=\"600\" height=\"338\" preload=\"metadata\" controls=\"controls\"><source type=\"video\/mp4\" src=\"http:\/\/amejardimdosprados.spdmafiliadas.org.br\/wp-content\/uploads\/sites\/43\/2020\/06\/Capitulo-5-Governanca-corporativa-1.mp4?_=4\" \/><a href=\"http:\/\/amejardimdosprados.spdmafiliadas.org.br\/wp-content\/uploads\/sites\/43\/2020\/06\/Capitulo-5-Governanca-corporativa-1.mp4\">http:\/\/amejardimdosprados.spdmafiliadas.org.br\/wp-content\/uploads\/sites\/43\/2020\/06\/Capitulo-5-Governanca-corporativa-1.mp4<\/a><\/video><\/div>\n\n\t\t<\/div>\n\t\t\t\t\t<\/div>\n\n\t\n\n\t<div id=\"col-1674363628\" class=\"col medium-4 small-12 large-4\"  >\n\t\t\t\t<div class=\"col-inner\"  >\n\t\t\t\n\t\t\t\n\n<p>Cap\u00edtulo 6 &#8211; Pol\u00edtica de Preven\u00e7\u00e3o e Detec\u00e7\u00e3o de Atos de Natureza Il\u00edcita<\/p>\n<div style=\"width: 600px;\" class=\"wp-video\"><video class=\"wp-video-shortcode\" id=\"video-8714-5\" width=\"600\" height=\"338\" preload=\"metadata\" controls=\"controls\"><source type=\"video\/mp4\" src=\"http:\/\/amejardimdosprados.spdmafiliadas.org.br\/wp-content\/uploads\/sites\/43\/2020\/06\/Capi\u0301tulo-6-Politicas-de-Prevenc\u0327a\u0303o-e-Detecc\u0327a\u0303o-de-Atos-de-Natureza-Ilicita-1.mp4?_=5\" \/><a href=\"http:\/\/amejardimdosprados.spdmafiliadas.org.br\/wp-content\/uploads\/sites\/43\/2020\/06\/Capi\u0301tulo-6-Politicas-de-Prevenc\u0327a\u0303o-e-Detecc\u0327a\u0303o-de-Atos-de-Natureza-Ilicita-1.mp4\">http:\/\/amejardimdosprados.spdmafiliadas.org.br\/wp-content\/uploads\/sites\/43\/2020\/06\/Capi\u0301tulo-6-Politicas-de-Prevenc\u0327a\u0303o-e-Detecc\u0327a\u0303o-de-Atos-de-Natureza-Ilicita-1.mp4<\/a><\/video><\/div>\n\n\t\t<\/div>\n\t\t\t\t\t<\/div>\n\n\t\n\n\t<div id=\"col-1234150628\" class=\"col medium-4 small-12 large-4\"  >\n\t\t\t\t<div class=\"col-inner\"  >\n\t\t\t\n\t\t\t\n\n<p>Cap\u00edtulo 7 &#8211; Regras e Procedimentos | Na Conduta Pessoal<\/p>\n<div style=\"width: 600px;\" class=\"wp-video\"><video class=\"wp-video-shortcode\" id=\"video-8714-6\" width=\"600\" height=\"338\" preload=\"metadata\" controls=\"controls\"><source type=\"video\/mp4\" src=\"http:\/\/amejardimdosprados.spdmafiliadas.org.br\/wp-content\/uploads\/sites\/43\/2020\/06\/CAP-7.1-Manual-Conduta-pessoal-1.mp4?_=6\" \/><a href=\"http:\/\/amejardimdosprados.spdmafiliadas.org.br\/wp-content\/uploads\/sites\/43\/2020\/06\/CAP-7.1-Manual-Conduta-pessoal-1.mp4\">http:\/\/amejardimdosprados.spdmafiliadas.org.br\/wp-content\/uploads\/sites\/43\/2020\/06\/CAP-7.1-Manual-Conduta-pessoal-1.mp4<\/a><\/video><\/div>\n\n\t\t<\/div>\n\t\t\t\t\t<\/div>\n\n\t\n\n<\/div>\n<div class=\"row row-small row-dashed\"  id=\"row-1134060294\">\n\n\n\t<div id=\"col-1557345963\" class=\"col medium-4 small-12 large-4\"  >\n\t\t\t\t<div class=\"col-inner\"  >\n\t\t\t\n\t\t\t\n\n<p>Cap\u00edtulo 7 &#8211; No Relacionamento com Funcion\u00e1rios<\/p>\n<div style=\"width: 600px;\" class=\"wp-video\"><video class=\"wp-video-shortcode\" id=\"video-8714-7\" width=\"600\" height=\"338\" preload=\"metadata\" controls=\"controls\"><source type=\"video\/mp4\" src=\"http:\/\/amejardimdosprados.spdmafiliadas.org.br\/wp-content\/uploads\/sites\/43\/2020\/06\/Capitulo-7.2-Relacionamento-com-Funcionarios.mp4?_=7\" \/><a href=\"http:\/\/amejardimdosprados.spdmafiliadas.org.br\/wp-content\/uploads\/sites\/43\/2020\/06\/Capitulo-7.2-Relacionamento-com-Funcionarios.mp4\">http:\/\/amejardimdosprados.spdmafiliadas.org.br\/wp-content\/uploads\/sites\/43\/2020\/06\/Capitulo-7.2-Relacionamento-com-Funcionarios.mp4<\/a><\/video><\/div>\n\n\t\t<\/div>\n\t\t\t\t\t<\/div>\n\n\t\n\n\t<div id=\"col-52925301\" class=\"col medium-4 small-12 large-4\"  >\n\t\t\t\t<div class=\"col-inner\"  >\n\t\t\t\n\t\t\t\n\n<p>Cap\u00edtulo 7 &#8211; Regras e Procedimentos | Nas Rela\u00e7\u00f5es Interpessoais<\/p>\n<div style=\"width: 600px;\" class=\"wp-video\"><video class=\"wp-video-shortcode\" id=\"video-8714-8\" width=\"600\" height=\"338\" preload=\"metadata\" controls=\"controls\"><source type=\"video\/mp4\" src=\"http:\/\/amejardimdosprados.spdmafiliadas.org.br\/wp-content\/uploads\/sites\/43\/2020\/06\/Capitulo-7.3-Nas-relacoes-interpessoais.mp4?_=8\" \/><a href=\"http:\/\/amejardimdosprados.spdmafiliadas.org.br\/wp-content\/uploads\/sites\/43\/2020\/06\/Capitulo-7.3-Nas-relacoes-interpessoais.mp4\">http:\/\/amejardimdosprados.spdmafiliadas.org.br\/wp-content\/uploads\/sites\/43\/2020\/06\/Capitulo-7.3-Nas-relacoes-interpessoais.mp4<\/a><\/video><\/div>\n\n\t\t<\/div>\n\t\t\t\t\t<\/div>\n\n\t\n\n\t<div id=\"col-1034977733\" class=\"col medium-4 small-12 large-4\"  >\n\t\t\t\t<div class=\"col-inner\"  >\n\t\t\t\n\t\t\t\n\n<p>Cap\u00edtulo 7 &#8211; Regras e Procedimentos | Nas Rela\u00e7\u00f5es com Fornecedores e Prestadores<\/p>\n<div style=\"width: 600px;\" class=\"wp-video\"><video class=\"wp-video-shortcode\" id=\"video-8714-9\" width=\"600\" height=\"338\" preload=\"metadata\" controls=\"controls\"><source type=\"video\/mp4\" src=\"http:\/\/amejardimdosprados.spdmafiliadas.org.br\/wp-content\/uploads\/sites\/43\/2020\/06\/Capitulo-7.4-Relacoes-com-fornecedores-e-prestadores-de-servicos-.mp4?_=9\" \/><a href=\"http:\/\/amejardimdosprados.spdmafiliadas.org.br\/wp-content\/uploads\/sites\/43\/2020\/06\/Capitulo-7.4-Relacoes-com-fornecedores-e-prestadores-de-servicos-.mp4\">http:\/\/amejardimdosprados.spdmafiliadas.org.br\/wp-content\/uploads\/sites\/43\/2020\/06\/Capitulo-7.4-Relacoes-com-fornecedores-e-prestadores-de-servicos-.mp4<\/a><\/video><\/div>\n\n\t\t<\/div>\n\t\t\t\t\t<\/div>\n\n\t\n\n\t<div id=\"col-1561330681\" class=\"col medium-4 small-12 large-4\"  >\n\t\t\t\t<div class=\"col-inner\"  >\n\t\t\t\n\t\t\t\n\n<p>Cap\u00edtulo 7 &#8211; Regras e Procedimentos | Nas Rela\u00e7\u00f5es com Parceiros Comerciais e Concorrentes<\/p>\n<div style=\"width: 600px;\" class=\"wp-video\"><video class=\"wp-video-shortcode\" id=\"video-8714-10\" width=\"600\" height=\"338\" preload=\"metadata\" controls=\"controls\"><source type=\"video\/mp4\" src=\"http:\/\/amejardimdosprados.spdmafiliadas.org.br\/wp-content\/uploads\/sites\/43\/2020\/06\/Capitulo-7.5-Relacoes-com-Parceiros-Comerciais-e-Concorrentes.mp4?_=10\" \/><a href=\"http:\/\/amejardimdosprados.spdmafiliadas.org.br\/wp-content\/uploads\/sites\/43\/2020\/06\/Capitulo-7.5-Relacoes-com-Parceiros-Comerciais-e-Concorrentes.mp4\">http:\/\/amejardimdosprados.spdmafiliadas.org.br\/wp-content\/uploads\/sites\/43\/2020\/06\/Capitulo-7.5-Relacoes-com-Parceiros-Comerciais-e-Concorrentes.mp4<\/a><\/video><\/div>\n\n\t\t<\/div>\n\t\t\t\t\t<\/div>\n\n\t\n\n\t<div id=\"col-1731722273\" class=\"col medium-4 small-12 large-4\"  >\n\t\t\t\t<div class=\"col-inner\"  >\n\t\t\t\n\t\t\t\n\n<p>Cap\u00edtulo 7 &#8211; Regras e Procedimentos | Livros e Registros<\/p>\n<div style=\"width: 600px;\" class=\"wp-video\"><video class=\"wp-video-shortcode\" id=\"video-8714-11\" width=\"600\" height=\"338\" preload=\"metadata\" controls=\"controls\"><source type=\"video\/mp4\" src=\"http:\/\/amejardimdosprados.spdmafiliadas.org.br\/wp-content\/uploads\/sites\/43\/2020\/06\/Capi\u0301tulo-7.6-Regras-e-Procedimentos-Livros-e-Registros.mp4?_=11\" \/><a href=\"http:\/\/amejardimdosprados.spdmafiliadas.org.br\/wp-content\/uploads\/sites\/43\/2020\/06\/Capi\u0301tulo-7.6-Regras-e-Procedimentos-Livros-e-Registros.mp4\">http:\/\/amejardimdosprados.spdmafiliadas.org.br\/wp-content\/uploads\/sites\/43\/2020\/06\/Capi\u0301tulo-7.6-Regras-e-Procedimentos-Livros-e-Registros.mp4<\/a><\/video><\/div>\n\n\t\t<\/div>\n\t\t\t\t\t<\/div>\n\n\t\n\n\t<div id=\"col-629158920\" class=\"col medium-4 small-12 large-4\"  >\n\t\t\t\t<div class=\"col-inner\"  >\n\t\t\t\n\t\t\t\n\n<p>Cap\u00edtulo 7 &#8211; Regras e Procedimentos | Nas Rela\u00e7\u00f5es com Entes Governamentais e Representantes de Classe<\/p>\n<div style=\"width: 600px;\" class=\"wp-video\"><video class=\"wp-video-shortcode\" id=\"video-8714-12\" width=\"600\" height=\"338\" preload=\"metadata\" controls=\"controls\"><source type=\"video\/mp4\" src=\"http:\/\/amejardimdosprados.spdmafiliadas.org.br\/wp-content\/uploads\/sites\/43\/2020\/06\/Capi\u0301tulo-7.7-Regras-e-Procedimentos-Relac\u0327o\u0303es-com-Entes-Governamentais-e-Representantes-de-Classe.mp4?_=12\" \/><a href=\"http:\/\/amejardimdosprados.spdmafiliadas.org.br\/wp-content\/uploads\/sites\/43\/2020\/06\/Capi\u0301tulo-7.7-Regras-e-Procedimentos-Relac\u0327o\u0303es-com-Entes-Governamentais-e-Representantes-de-Classe.mp4\">http:\/\/amejardimdosprados.spdmafiliadas.org.br\/wp-content\/uploads\/sites\/43\/2020\/06\/Capi\u0301tulo-7.7-Regras-e-Procedimentos-Relac\u0327o\u0303es-com-Entes-Governamentais-e-Representantes-de-Classe.mp4<\/a><\/video><\/div>\n\n\t\t<\/div>\n\t\t\t\t\t<\/div>\n\n\t\n\n<\/div>\n<div class=\"row row-dashed\"  id=\"row-487645478\">\n\n\n\t<div id=\"col-1160700353\" class=\"col medium-4 small-12 large-4\"  >\n\t\t\t\t<div class=\"col-inner\"  >\n\t\t\t\n\t\t\t\n\n<p>Cap\u00edtulo 7 &#8211; Regras e Procedimentos | Seguran\u00e7a Ocupacional e Meio Ambiente<\/p>\n<div style=\"width: 600px;\" class=\"wp-video\"><video class=\"wp-video-shortcode\" id=\"video-8714-13\" width=\"600\" height=\"338\" preload=\"metadata\" controls=\"controls\"><source type=\"video\/mp4\" src=\"http:\/\/amejardimdosprados.spdmafiliadas.org.br\/wp-content\/uploads\/sites\/43\/2020\/06\/Capi\u0301tulo-7.8-Regras-e-Procedimentos-Seguranca-Ocupacional-e-Meio-Ambiente.mp4?_=13\" \/><a href=\"http:\/\/amejardimdosprados.spdmafiliadas.org.br\/wp-content\/uploads\/sites\/43\/2020\/06\/Capi\u0301tulo-7.8-Regras-e-Procedimentos-Seguranca-Ocupacional-e-Meio-Ambiente.mp4\">http:\/\/amejardimdosprados.spdmafiliadas.org.br\/wp-content\/uploads\/sites\/43\/2020\/06\/Capi\u0301tulo-7.8-Regras-e-Procedimentos-Seguranca-Ocupacional-e-Meio-Ambiente.mp4<\/a><\/video><\/div>\n\n\t\t<\/div>\n\t\t\t\t\t<\/div>\n\n\t\n\n\t<div id=\"col-1860095962\" class=\"col medium-4 small-12 large-4\"  >\n\t\t\t\t<div class=\"col-inner\"  >\n\t\t\t\n\t\t\t\n\n<p>Cap\u00edtulo 7 &#8211; Regras e Procedimentos | Na Utiliza\u00e7\u00e3o de Informa\u00e7\u00f5es<\/p>\n<div style=\"width: 600px;\" class=\"wp-video\"><video class=\"wp-video-shortcode\" id=\"video-8714-14\" width=\"600\" height=\"338\" preload=\"metadata\" controls=\"controls\"><source type=\"video\/mp4\" src=\"http:\/\/amejardimdosprados.spdmafiliadas.org.br\/wp-content\/uploads\/sites\/43\/2020\/06\/Capi\u0301tulo-7-Regras-e-Procedimentos-Utilizac\u0327a\u0303o-de-Informac\u0327o\u0303es.mp4?_=14\" \/><a href=\"http:\/\/amejardimdosprados.spdmafiliadas.org.br\/wp-content\/uploads\/sites\/43\/2020\/06\/Capi\u0301tulo-7-Regras-e-Procedimentos-Utilizac\u0327a\u0303o-de-Informac\u0327o\u0303es.mp4\">http:\/\/amejardimdosprados.spdmafiliadas.org.br\/wp-content\/uploads\/sites\/43\/2020\/06\/Capi\u0301tulo-7-Regras-e-Procedimentos-Utilizac\u0327a\u0303o-de-Informac\u0327o\u0303es.mp4<\/a><\/video><\/div>\n\n\t\t<\/div>\n\t\t\t\t\t<\/div>\n\n\t\n\n\t<div id=\"col-860040714\" class=\"col medium-4 small-12 large-4\"  >\n\t\t\t\t<div class=\"col-inner\"  >\n\t\t\t\n\t\t\t\n\n<p>Cap\u00edtulo 7 &#8211; Regras e Procedimentos | Imagem Institucional e Reputa\u00e7\u00e3o<\/p>\n<div style=\"width: 600px;\" class=\"wp-video\"><video class=\"wp-video-shortcode\" id=\"video-8714-15\" width=\"600\" height=\"338\" preload=\"metadata\" controls=\"controls\"><source type=\"video\/mp4\" src=\"http:\/\/amejardimdosprados.spdmafiliadas.org.br\/wp-content\/uploads\/sites\/43\/2020\/06\/Capi\u0301tulo-7.10-Regras-e-Procedimentos-Imagem-Institucional-e-Reputac\u0327a\u0303o.mp4?_=15\" \/><a href=\"http:\/\/amejardimdosprados.spdmafiliadas.org.br\/wp-content\/uploads\/sites\/43\/2020\/06\/Capi\u0301tulo-7.10-Regras-e-Procedimentos-Imagem-Institucional-e-Reputac\u0327a\u0303o.mp4\">http:\/\/amejardimdosprados.spdmafiliadas.org.br\/wp-content\/uploads\/sites\/43\/2020\/06\/Capi\u0301tulo-7.10-Regras-e-Procedimentos-Imagem-Institucional-e-Reputac\u0327a\u0303o.mp4<\/a><\/video><\/div>\n\n\t\t<\/div>\n\t\t\t\t\t<\/div>\n\n\t\n\n\t<div id=\"col-182690745\" class=\"col medium-4 small-12 large-4\"  >\n\t\t\t\t<div class=\"col-inner\"  >\n\t\t\t\n\t\t\t\n\n<p>Cap\u00edtulo 7 &#8211; Regras e Procedimentos | Dos Recursos Gerenciados pela SPDM<\/p>\n<div style=\"width: 600px;\" class=\"wp-video\"><video class=\"wp-video-shortcode\" id=\"video-8714-16\" width=\"600\" height=\"338\" preload=\"metadata\" controls=\"controls\"><source type=\"video\/mp4\" src=\"http:\/\/amejardimdosprados.spdmafiliadas.org.br\/wp-content\/uploads\/sites\/43\/2020\/06\/Capi\u0301tulo-7.11-Regras-e-Procedimentos-Dos-Recursos-Gerenciados-pela-SPDM.mp4?_=16\" \/><a href=\"http:\/\/amejardimdosprados.spdmafiliadas.org.br\/wp-content\/uploads\/sites\/43\/2020\/06\/Capi\u0301tulo-7.11-Regras-e-Procedimentos-Dos-Recursos-Gerenciados-pela-SPDM.mp4\">http:\/\/amejardimdosprados.spdmafiliadas.org.br\/wp-content\/uploads\/sites\/43\/2020\/06\/Capi\u0301tulo-7.11-Regras-e-Procedimentos-Dos-Recursos-Gerenciados-pela-SPDM.mp4<\/a><\/video><\/div>\n\n\t\t<\/div>\n\t\t\t\t\t<\/div>\n\n\t\n\n\t<div id=\"col-1456042424\" class=\"col medium-4 small-12 large-4\"  >\n\t\t\t\t<div class=\"col-inner\"  >\n\t\t\t\n\t\t\t\n\n<p>Cap\u00edtulo 7 &#8211; Regras e Procedimentos | Gest\u00e3o Financeira<\/p>\n<div style=\"width: 600px;\" class=\"wp-video\"><video class=\"wp-video-shortcode\" id=\"video-8714-17\" width=\"600\" height=\"338\" preload=\"metadata\" controls=\"controls\"><source type=\"video\/mp4\" src=\"http:\/\/amejardimdosprados.spdmafiliadas.org.br\/wp-content\/uploads\/sites\/43\/2020\/06\/Capi\u0301tulo-7.12-Regras-e-Procedimentos-Gesta\u0303o-Financeira.mp4?_=17\" \/><a href=\"http:\/\/amejardimdosprados.spdmafiliadas.org.br\/wp-content\/uploads\/sites\/43\/2020\/06\/Capi\u0301tulo-7.12-Regras-e-Procedimentos-Gesta\u0303o-Financeira.mp4\">http:\/\/amejardimdosprados.spdmafiliadas.org.br\/wp-content\/uploads\/sites\/43\/2020\/06\/Capi\u0301tulo-7.12-Regras-e-Procedimentos-Gesta\u0303o-Financeira.mp4<\/a><\/video><\/div>\n\n\t\t<\/div>\n\t\t\t\t\t<\/div>\n\n\t\n\n\t<div id=\"col-1121499574\" class=\"col medium-4 small-12 large-4\"  >\n\t\t\t\t<div class=\"col-inner\"  >\n\t\t\t\n\t\t\t\n\n<p>Cap\u00edtulo 7 &#8211; Regras e Procedimentos | Sinais de Alerta<\/p>\n<div style=\"width: 600px;\" class=\"wp-video\"><video class=\"wp-video-shortcode\" id=\"video-8714-18\" width=\"600\" height=\"338\" preload=\"metadata\" controls=\"controls\"><source type=\"video\/mp4\" src=\"http:\/\/amejardimdosprados.spdmafiliadas.org.br\/wp-content\/uploads\/sites\/43\/2020\/06\/Capi\u0301tulo-7.13-Regras-e-Procedimentos-Sinais-de-Alerta.mp4?_=18\" \/><a href=\"http:\/\/amejardimdosprados.spdmafiliadas.org.br\/wp-content\/uploads\/sites\/43\/2020\/06\/Capi\u0301tulo-7.13-Regras-e-Procedimentos-Sinais-de-Alerta.mp4\">http:\/\/amejardimdosprados.spdmafiliadas.org.br\/wp-content\/uploads\/sites\/43\/2020\/06\/Capi\u0301tulo-7.13-Regras-e-Procedimentos-Sinais-de-Alerta.mp4<\/a><\/video><\/div>\n\n\t\t<\/div>\n\t\t\t\t\t<\/div>\n\n\t\n\n<\/div>\n<div class=\"row row-small row-dashed\"  id=\"row-1046927038\">\n\n\n\t<div id=\"col-1637369625\" class=\"col medium-4 small-12 large-4\"  >\n\t\t\t\t<div class=\"col-inner\"  >\n\t\t\t\n\t\t\t\n\n<p>Cap\u00edtulo 8 &#8211; Viola\u00e7\u00f5es e San\u00e7\u00f5es Aplic\u00e1veis<\/p>\n<div style=\"width: 600px;\" class=\"wp-video\"><video class=\"wp-video-shortcode\" id=\"video-8714-19\" width=\"600\" height=\"338\" preload=\"metadata\" controls=\"controls\"><source type=\"video\/mp4\" src=\"http:\/\/amejardimdosprados.spdmafiliadas.org.br\/wp-content\/uploads\/sites\/43\/2020\/06\/Capi\u0301tulo-8-Violac\u0327o\u0303es-e-Sanc\u0327o\u0303es-Aplicaveis.mp4?_=19\" \/><a href=\"http:\/\/amejardimdosprados.spdmafiliadas.org.br\/wp-content\/uploads\/sites\/43\/2020\/06\/Capi\u0301tulo-8-Violac\u0327o\u0303es-e-Sanc\u0327o\u0303es-Aplicaveis.mp4\">http:\/\/amejardimdosprados.spdmafiliadas.org.br\/wp-content\/uploads\/sites\/43\/2020\/06\/Capi\u0301tulo-8-Violac\u0327o\u0303es-e-Sanc\u0327o\u0303es-Aplicaveis.mp4<\/a><\/video><\/div>\n\n\t\t<\/div>\n\t\t\t\t\t<\/div>\n\n\t\n\n\t<div id=\"col-869169698\" class=\"col medium-4 small-12 large-4\"  >\n\t\t\t\t<div class=\"col-inner\"  >\n\t\t\t\n\t\t\t\n\n<p>Cap\u00edtulo 9 &#8211; Das Proibi\u00e7\u00f5es<\/p>\n<div style=\"width: 600px;\" class=\"wp-video\"><video class=\"wp-video-shortcode\" id=\"video-8714-20\" width=\"600\" height=\"338\" preload=\"metadata\" controls=\"controls\"><source type=\"video\/mp4\" src=\"http:\/\/amejardimdosprados.spdmafiliadas.org.br\/wp-content\/uploads\/sites\/43\/2020\/06\/Capi\u0301tulo-9-Proibic\u0327o\u0303es.mp4?_=20\" \/><a href=\"http:\/\/amejardimdosprados.spdmafiliadas.org.br\/wp-content\/uploads\/sites\/43\/2020\/06\/Capi\u0301tulo-9-Proibic\u0327o\u0303es.mp4\">http:\/\/amejardimdosprados.spdmafiliadas.org.br\/wp-content\/uploads\/sites\/43\/2020\/06\/Capi\u0301tulo-9-Proibic\u0327o\u0303es.mp4<\/a><\/video><\/div>\n\n\t\t<\/div>\n\t\t\t\t\t<\/div>\n\n\t\n\n\t<div id=\"col-643121628\" class=\"col medium-4 small-12 large-4\"  >\n\t\t\t\t<div class=\"col-inner\"  >\n\t\t\t\n\t\t\t\n\n<p>Cap\u00edtulo 10 &#8211; Dos Canais de Comunica\u00e7\u00e3o e de Apura\u00e7\u00e3o<\/p>\n<div style=\"width: 600px;\" class=\"wp-video\"><video class=\"wp-video-shortcode\" id=\"video-8714-21\" width=\"600\" height=\"338\" preload=\"metadata\" controls=\"controls\"><source type=\"video\/mp4\" src=\"http:\/\/amejardimdosprados.spdmafiliadas.org.br\/wp-content\/uploads\/sites\/43\/2020\/06\/Capi\u0301tulo-10.-Dos-Canais-de-Comunicac\u0327a\u0303o-e-de-Apurac\u0327a\u0303o.mp4?_=21\" \/><a href=\"http:\/\/amejardimdosprados.spdmafiliadas.org.br\/wp-content\/uploads\/sites\/43\/2020\/06\/Capi\u0301tulo-10.-Dos-Canais-de-Comunicac\u0327a\u0303o-e-de-Apurac\u0327a\u0303o.mp4\">http:\/\/amejardimdosprados.spdmafiliadas.org.br\/wp-content\/uploads\/sites\/43\/2020\/06\/Capi\u0301tulo-10.-Dos-Canais-de-Comunicac\u0327a\u0303o-e-de-Apurac\u0327a\u0303o.mp4<\/a><\/video><\/div>\n\n\t\t<\/div>\n\t\t\t\t\t<\/div>\n\n\t\n\n\t<div id=\"col-1986371606\" class=\"col medium-4 small-12 large-4\"  >\n\t\t\t\t<div class=\"col-inner\"  >\n\t\t\t\n\t\t\t\n\n<p>Cap\u00edtulo 11 &#8211; Disposi\u00e7\u00f5es Gerais<\/p>\n<div style=\"width: 600px;\" class=\"wp-video\"><video class=\"wp-video-shortcode\" id=\"video-8714-22\" width=\"600\" height=\"338\" preload=\"metadata\" controls=\"controls\"><source type=\"video\/mp4\" src=\"http:\/\/amejardimdosprados.spdmafiliadas.org.br\/wp-content\/uploads\/sites\/43\/2020\/06\/Capi\u0301tulo-11-Disposic\u0327o\u0303es-Gerais.mp4?_=22\" \/><a href=\"http:\/\/amejardimdosprados.spdmafiliadas.org.br\/wp-content\/uploads\/sites\/43\/2020\/06\/Capi\u0301tulo-11-Disposic\u0327o\u0303es-Gerais.mp4\">http:\/\/amejardimdosprados.spdmafiliadas.org.br\/wp-content\/uploads\/sites\/43\/2020\/06\/Capi\u0301tulo-11-Disposic\u0327o\u0303es-Gerais.mp4<\/a><\/video><\/div>\n\n\t\t<\/div>\n\t\t\t\t\t<\/div>\n\n\t\n\n\t<div id=\"col-1543126901\" class=\"col medium-4 small-12 large-4\"  >\n\t\t\t\t<div class=\"col-inner\"  >\n\t\t\t\n\t\t\t\n\n\n\t\t<\/div>\n\t\t\t\t\t<\/div>\n\n\t\n\n\t<div id=\"col-159942029\" class=\"col medium-4 small-12 large-4\"  >\n\t\t\t\t<div class=\"col-inner\"  >\n\t\t\t\n\t\t\t\n\n\n\t\t<\/div>\n\t\t\t\t\t<\/div>\n\n\t\n\n<\/div>\n\n","protected":false},"excerpt":{"rendered":"","protected":false},"author":1,"featured_media":0,"parent":0,"menu_order":0,"comment_status":"closed","ping_status":"closed","template":"","meta":{"footnotes":""},"class_list":["post-8714","page","type-page","status-publish","hentry"],"_links":{"self":[{"href":"https:\/\/ceafmc.animaker.com.br\/index.php?rest_route=\/wp\/v2\/pages\/8714","targetHints":{"allow":["GET"]}}],"collection":[{"href":"https:\/\/ceafmc.animaker.com.br\/index.php?rest_route=\/wp\/v2\/pages"}],"about":[{"href":"https:\/\/ceafmc.animaker.com.br\/index.php?rest_route=\/wp\/v2\/types\/page"}],"author":[{"embeddable":true,"href":"https:\/\/ceafmc.animaker.com.br\/index.php?rest_route=\/wp\/v2\/users\/1"}],"replies":[{"embeddable":true,"href":"https:\/\/ceafmc.animaker.com.br\/index.php?rest_route=%2Fwp%2Fv2%2Fcomments&post=8714"}],"version-history":[{"count":0,"href":"https:\/\/ceafmc.animaker.com.br\/index.php?rest_route=\/wp\/v2\/pages\/8714\/revisions"}],"wp:attachment":[{"href":"https:\/\/ceafmc.animaker.com.br\/index.php?rest_route=%2Fwp%2Fv2%2Fmedia&parent=8714"}],"curies":[{"name":"wp","href":"https:\/\/api.w.org\/{rel}","templated":true}]}}