{"id":8071,"date":"2019-11-26T14:28:27","date_gmt":"2019-11-26T17:28:27","guid":{"rendered":"http:\/\/2fac.animaker.com.br\/?page_id=7734"},"modified":"2021-09-20T22:49:49","modified_gmt":"2021-09-21T01:49:49","slug":"aprimoramento","status":"publish","type":"page","link":"https:\/\/ceafmc.animaker.com.br\/?page_id=8071","title":{"rendered":"Aprimoramento"},"content":{"rendered":"\n<div class=\"container section-title-container\" ><h3 class=\"section-title section-title-normal\"><b aria-hidden=\"true\"><\/b><span class=\"section-title-main\" >APRIMORAMENTO<\/span><b aria-hidden=\"true\"><\/b><\/h3><\/div>\n<p style=\"text-align: justify\"><button id=\"bb1\" type=\"button\" value=\"Play\" class=\"responsivevoice-button\" title=\"ResponsiveVoice Tap to Start\/Stop Speech\"><span>&#128266; Ouvir<\/span><\/button>\n        <script>\n            bb1.onclick = function(){\n                if(responsiveVoice.isPlaying()){\n                    responsiveVoice.cancel();\n                }else{\n                    responsiveVoice.speak(\"O relacionamento e entendimento de profissionais que trabalham na \u00e1rea da sa\u00fade com os pacientes n\u00e3o \u00e9 uma tarefa f\u00e1cil. \u00c9 preciso ter conhecimento, seguran\u00e7a e firmeza nas decis\u00f5es. Trabalhamos com legisla\u00e7\u00f5es que precisam ser analisadas, entendidas e constantemente revisadas. Este processo educativo n\u00e3o tem fim; ele \u00e9 um processo inacabado, sendo necess\u00e1rio retroaliment\u00e1-lo, continuamente, pela din\u00e2mica do setor sa\u00fade. Dessa percep\u00e7\u00e3o, surgiu o setor Educa\u00e7\u00e3o Permanente, que procura avaliar quais s\u00e3o as reais necessidades de todas as Unidades e conciliar o trabalho com treinamentos adequados para cada setor. Reunimos todas as ideias dos gestores das Unidades de Farm\u00e1cia, para a elabora\u00e7\u00e3o de treinamentos necess\u00e1rios para o aperfei\u00e7oamento e melhoria cont\u00ednua de nossos colaboradores. Os temas s\u00e3o aplicados, conforme cronograma previamente estabelecido.\", \"Brazilian Portuguese Female\");\n                }\n            };\n        <\/script>\n    O relacionamento e entendimento de profissionais que trabalham na \u00e1rea da sa\u00fade com os pacientes n\u00e3o \u00e9 uma tarefa f\u00e1cil. \u00c9 preciso ter conhecimento, seguran\u00e7a e firmeza nas decis\u00f5es. Trabalhamos com legisla\u00e7\u00f5es que precisam ser analisadas, entendidas e constantemente revisadas. Este processo educativo n\u00e3o tem fim; ele \u00e9 um processo inacabado, sendo necess\u00e1rio retroaliment\u00e1-lo, continuamente, pela din\u00e2mica do setor sa\u00fade. Dessa percep\u00e7\u00e3o, surgiu o setor Educa\u00e7\u00e3o Permanente, que procura avaliar quais s\u00e3o as reais necessidades de todas as Unidades e conciliar o trabalho com treinamentos adequados para cada setor. Reunimos todas as ideias dos gestores das Unidades de Farm\u00e1cia, para a elabora\u00e7\u00e3o de treinamentos necess\u00e1rios para o aperfei\u00e7oamento e melhoria cont\u00ednua de nossos colaboradores. Os temas s\u00e3o aplicados, conforme cronograma previamente estabelecido.\n","protected":false},"excerpt":{"rendered":"","protected":false},"author":1,"featured_media":0,"parent":0,"menu_order":0,"comment_status":"closed","ping_status":"closed","template":"","meta":{"footnotes":""},"class_list":["post-8071","page","type-page","status-publish","hentry"],"_links":{"self":[{"href":"https:\/\/ceafmc.animaker.com.br\/index.php?rest_route=\/wp\/v2\/pages\/8071","targetHints":{"allow":["GET"]}}],"collection":[{"href":"https:\/\/ceafmc.animaker.com.br\/index.php?rest_route=\/wp\/v2\/pages"}],"about":[{"href":"https:\/\/ceafmc.animaker.com.br\/index.php?rest_route=\/wp\/v2\/types\/page"}],"author":[{"embeddable":true,"href":"https:\/\/ceafmc.animaker.com.br\/index.php?rest_route=\/wp\/v2\/users\/1"}],"replies":[{"embeddable":true,"href":"https:\/\/ceafmc.animaker.com.br\/index.php?rest_route=%2Fwp%2Fv2%2Fcomments&post=8071"}],"version-history":[{"count":0,"href":"https:\/\/ceafmc.animaker.com.br\/index.php?rest_route=\/wp\/v2\/pages\/8071\/revisions"}],"wp:attachment":[{"href":"https:\/\/ceafmc.animaker.com.br\/index.php?rest_route=%2Fwp%2Fv2%2Fmedia&parent=8071"}],"curies":[{"name":"wp","href":"https:\/\/api.w.org\/{rel}","templated":true}]}}