{"id":8068,"date":"2019-11-26T01:49:59","date_gmt":"2019-11-26T04:49:59","guid":{"rendered":"http:\/\/2fac.animaker.com.br\/?page_id=7712"},"modified":"2021-09-20T22:51:36","modified_gmt":"2021-09-21T01:51:36","slug":"unidades","status":"publish","type":"page","link":"https:\/\/ceafmc.animaker.com.br\/?page_id=8068","title":{"rendered":"Unidades"},"content":{"rendered":"\n<div class=\"container section-title-container\" ><h3 class=\"section-title section-title-normal\"><b aria-hidden=\"true\"><\/b><span class=\"section-title-main\" >Unidades<\/span><b aria-hidden=\"true\"><\/b><\/h3><\/div>\n\n<div class=\"row row-small\"  id=\"row-1935967390\">\n\n\n\t<div id=\"col-1028967770\" class=\"col small-12 large-12\"  >\n\t\t\t\t<div class=\"col-inner\"  >\n\t\t\t\n\t\t\t\n\n<div class=\"accordion\">\n\n\t<div id=\"accordion-1418683416\" class=\"accordion-item\">\n\t\t<a id=\"accordion-1418683416-label\" class=\"accordion-title plain\" href=\"#accordion-item-unidade-de-farm\u00e1cia-mogi-das-cruzes\" aria-expanded=\"false\" aria-controls=\"accordion-1418683416-content\">\n\t\t\t<button class=\"toggle\" aria-label=\"Toggle\"><i class=\"icon-angle-down\" aria-hidden=\"true\"><\/i><\/button>\n\t\t\t<span>Unidade de Farm\u00e1cia Mogi das Cruzes<\/span>\n\t\t<\/a>\n\t\t<div id=\"accordion-1418683416-content\" class=\"accordion-inner\" aria-labelledby=\"accordion-1418683416-label\">\n\t\t\t\n\n<div class=\"row\"  id=\"row-1848277131\">\n\n\n\t<div id=\"col-1666896803\" class=\"col medium-6 small-12 large-6\"  >\n\t\t\t\t<div class=\"col-inner\"  >\n\t\t\t\n\t\t\t\n\n<p style=\"text-align: justify;\"><span style=\"font-weight: 400;\">A Unidade de Farm\u00e1cia Mogi das Cruzes atende a demanda de 10 (dez) munic\u00edpios de S\u00e3o Paulo, sendo eles: Aruj\u00e1, Biritiba-Mirim, Ferraz de Vasconcelos, Guararema, Itaquaquecetuba, Mogi das Cruzes, Po\u00e1, Santa Isabel, Sales\u00f3polis e Suzano, incluindo a dispensa\u00e7\u00e3o de medicamentos de A\u00e7\u00e3o Judicial a pacientes portadores de diversas patologias, principalmente Diabetes tipo 1 e 2; e pacientes tratados nas cl\u00ednicas de Hemodi\u00e1lise dos munic\u00edpios de Itaquaquecetuba, Mogi das Cruzes e Suzano.\u00a0<\/span><\/p>\n<p style=\"text-align: justify;\"><span style=\"font-weight: 400;\">Realiza o atendimento a cerca de 800 pacientes\/dia. <\/span><\/p>\n\n\t\t<\/div>\n\t\t\t\t\t<\/div>\n\n\t\n\n\t<div id=\"col-1214797391\" class=\"col medium-6 small-12 large-6\"  >\n\t\t\t\t<div class=\"col-inner\"  >\n\t\t\t\n\t\t\t\n\n<p><img loading=\"lazy\" decoding=\"async\" class=\"aligncenter wp-image-8956 size-full\" src=\"https:\/\/ceafmc.animaker.com.br\/wp-content\/uploads\/sites\/145\/2021\/07\/Sala\u0303o-de-Atendimento-peq-fac-mc.jpg\" alt=\"\" width=\"600\" height=\"450\" srcset=\"https:\/\/ceafmc.animaker.com.br\/wp-content\/uploads\/sites\/145\/2021\/07\/Sala\u0303o-de-Atendimento-peq-fac-mc.jpg 600w, https:\/\/ceafmc.animaker.com.br\/wp-content\/uploads\/sites\/145\/2021\/07\/Sala\u0303o-de-Atendimento-peq-fac-mc-300x225.jpg 300w\" sizes=\"auto, (max-width: 600px) 100vw, 600px\" \/><\/p>\n\n\t\t<\/div>\n\t\t\t\t\t<\/div>\n\n\t\n\n<\/div>\n\n\t\t<\/div>\n\t<\/div>\n\t\n\n<\/div>\n\n\t\t<\/div>\n\t\t\t\t\t<\/div>\n\n\t\n\n<\/div>\n\n","protected":false},"excerpt":{"rendered":"","protected":false},"author":1,"featured_media":0,"parent":0,"menu_order":0,"comment_status":"closed","ping_status":"closed","template":"","meta":{"footnotes":""},"class_list":["post-8068","page","type-page","status-publish","hentry"],"_links":{"self":[{"href":"https:\/\/ceafmc.animaker.com.br\/index.php?rest_route=\/wp\/v2\/pages\/8068","targetHints":{"allow":["GET"]}}],"collection":[{"href":"https:\/\/ceafmc.animaker.com.br\/index.php?rest_route=\/wp\/v2\/pages"}],"about":[{"href":"https:\/\/ceafmc.animaker.com.br\/index.php?rest_route=\/wp\/v2\/types\/page"}],"author":[{"embeddable":true,"href":"https:\/\/ceafmc.animaker.com.br\/index.php?rest_route=\/wp\/v2\/users\/1"}],"replies":[{"embeddable":true,"href":"https:\/\/ceafmc.animaker.com.br\/index.php?rest_route=%2Fwp%2Fv2%2Fcomments&post=8068"}],"version-history":[{"count":0,"href":"https:\/\/ceafmc.animaker.com.br\/index.php?rest_route=\/wp\/v2\/pages\/8068\/revisions"}],"wp:attachment":[{"href":"https:\/\/ceafmc.animaker.com.br\/index.php?rest_route=%2Fwp%2Fv2%2Fmedia&parent=8068"}],"curies":[{"name":"wp","href":"https:\/\/api.w.org\/{rel}","templated":true}]}}