{"id":8058,"date":"2019-02-28T19:48:52","date_gmt":"2019-02-28T22:48:52","guid":{"rendered":"http:\/\/hrs.spdmafiliadas.org.br\/?page_id=7293"},"modified":"2021-09-20T22:50:19","modified_gmt":"2021-09-21T01:50:19","slug":"compras-e-editais","status":"publish","type":"page","link":"https:\/\/ceafmc.animaker.com.br\/?page_id=8058","title":{"rendered":"Compras e Editais"},"content":{"rendered":"\n<div class=\"container section-title-container\" ><h3 class=\"section-title section-title-normal\"><b aria-hidden=\"true\"><\/b><span class=\"section-title-main\" >Compras e Editais<\/span><b aria-hidden=\"true\"><\/b><\/h3><\/div>\n\n<div class=\"row\"  id=\"row-1277891635\">\n\n\n\t<div id=\"col-1524465321\" class=\"col small-12 large-12\"  >\n\t\t\t\t<div class=\"col-inner\"  >\n\t\t\t\n\t\t\t\n\n\n\t\t<div class=\"icon-box featured-box icon-box-left text-left\"  >\n\t\t\t\t\t<div class=\"icon-box-img\" style=\"width: 50px\">\n\t\t\t\t<div class=\"icon\">\n\t\t\t\t\t<div class=\"icon-inner\" style=\"color:rgb(221, 132, 74);\">\n\t\t\t\t\t\t<?xml version=\"1.0\" encoding=\"utf-8\"?>\n<!-- Generated by IcoMoon.io -->\n<!DOCTYPE svg PUBLIC \"-\/\/W3C\/\/DTD SVG 1.1\/\/EN\" \"http:\/\/www.w3.org\/Graphics\/SVG\/1.1\/DTD\/svg11.dtd\">\n<svg version=\"1.1\" xmlns=\"http:\/\/www.w3.org\/2000\/svg\" xmlns:xlink=\"http:\/\/www.w3.org\/1999\/xlink\" width=\"20\" height=\"20\" viewBox=\"0 0 20 20\">\n<path fill=\"#000000\" d=\"M7.631 19.702c-0.041 0-0.083-0.005-0.125-0.016-0.898-0.231-1.761-0.587-2.564-1.059-0.233-0.137-0.315-0.434-0.186-0.671 0.159-0.292 0.243-0.622 0.243-0.957 0-1.103-0.897-2-2-2-0.334 0-0.665 0.084-0.957 0.243-0.237 0.129-0.534 0.047-0.671-0.186-0.472-0.804-0.828-1.666-1.059-2.564-0.065-0.254 0.077-0.515 0.325-0.598 0.814-0.274 1.362-1.036 1.362-1.895s-0.547-1.621-1.362-1.895c-0.248-0.084-0.39-0.344-0.325-0.598 0.231-0.898 0.587-1.761 1.059-2.564 0.137-0.233 0.434-0.315 0.671-0.186 0.291 0.159 0.622 0.243 0.957 0.243 1.103 0 2-0.897 2-2 0-0.334-0.084-0.665-0.243-0.957-0.129-0.237-0.047-0.534 0.186-0.671 0.804-0.472 1.666-0.828 2.564-1.059 0.254-0.065 0.515 0.077 0.598 0.325 0.274 0.814 1.036 1.362 1.895 1.362s1.621-0.547 1.895-1.362c0.084-0.248 0.345-0.39 0.598-0.325 0.898 0.231 1.761 0.587 2.564 1.059 0.233 0.137 0.315 0.434 0.186 0.671-0.159 0.292-0.243 0.622-0.243 0.957 0 1.103 0.897 2 2 2 0.334 0 0.665-0.084 0.957-0.243 0.237-0.129 0.534-0.047 0.671 0.186 0.472 0.804 0.828 1.666 1.059 2.564 0.065 0.254-0.077 0.515-0.325 0.598-0.814 0.274-1.362 1.036-1.362 1.895s0.547 1.621 1.362 1.895c0.248 0.084 0.39 0.344 0.325 0.598-0.231 0.898-0.587 1.761-1.059 2.564-0.137 0.233-0.434 0.315-0.671 0.186-0.292-0.159-0.622-0.243-0.957-0.243-1.103 0-2 0.897-2 2 0 0.334 0.084 0.665 0.243 0.957 0.129 0.237 0.047 0.534-0.186 0.671-0.804 0.472-1.666 0.828-2.564 1.059-0.254 0.065-0.515-0.077-0.598-0.325-0.274-0.814-1.036-1.362-1.895-1.362s-1.621 0.547-1.895 1.362c-0.070 0.207-0.264 0.341-0.474 0.341zM10 17c1.127 0 2.142 0.628 2.655 1.602 0.52-0.161 1.026-0.369 1.51-0.622-0.108-0.314-0.164-0.646-0.164-0.98 0-1.654 1.346-3 3-3 0.334 0 0.666 0.056 0.98 0.164 0.253-0.484 0.462-0.989 0.622-1.51-0.974-0.512-1.602-1.527-1.602-2.655s0.628-2.142 1.602-2.655c-0.161-0.52-0.369-1.026-0.622-1.51-0.314 0.108-0.646 0.164-0.98 0.164-1.654 0-3-1.346-3-3 0-0.334 0.056-0.666 0.164-0.98-0.484-0.253-0.989-0.462-1.51-0.622-0.512 0.974-1.527 1.602-2.655 1.602s-2.142-0.628-2.655-1.602c-0.52 0.16-1.026 0.369-1.51 0.622 0.108 0.314 0.164 0.646 0.164 0.98 0 1.654-1.346 3-3 3-0.334 0-0.666-0.056-0.98-0.164-0.253 0.484-0.462 0.989-0.622 1.51 0.974 0.512 1.602 1.527 1.602 2.655s-0.628 2.142-1.602 2.655c0.16 0.52 0.369 1.026 0.622 1.51 0.314-0.108 0.646-0.164 0.98-0.164 1.654 0 3 1.346 3 3 0 0.334-0.056 0.666-0.164 0.98 0.484 0.253 0.989 0.462 1.51 0.622 0.512-0.974 1.527-1.602 2.655-1.602z\"><\/path>\n<path fill=\"#000000\" d=\"M10 13c-1.654 0-3-1.346-3-3s1.346-3 3-3 3 1.346 3 3-1.346 3-3 3zM10 8c-1.103 0-2 0.897-2 2s0.897 2 2 2c1.103 0 2-0.897 2-2s-0.897-2-2-2z\"><\/path>\n<\/svg>\n\t\t\t\t\t<\/div>\n\t\t\t\t<\/div>\n\t\t\t<\/div>\n\t\t\t\t<div class=\"icon-box-text last-reset\">\n\t\t\t\t\t\t\t\t\t\n\n<h3 style=\"text-align: left\">Para participar dos processos de compras da unidade acesse: <span style=\"font-size: 75%\"><button id=\"bb1\" type=\"button\" value=\"Play\" class=\"responsivevoice-button\" title=\"ResponsiveVoice Tap to Start\/Stop Speech\"><span>&#128266; Ouvir<\/span><\/button>\n        <script>\n            bb1.onclick = function(){\n                if(responsiveVoice.isPlaying()){\n                    responsiveVoice.cancel();\n                }else{\n                    responsiveVoice.speak(\"\u2013 Medicamentos, atrav\u00e9s da aquisi\u00e7\u00e3o via Editais da Secretaria Estadual de Sa\u00fade S\u00e3o Paulo (www.saude.sp.gov.br); \u2013 Material de Escrit\u00f3rio, Material de Higiene, Nutri\u00e7\u00e3o e demais itens, acesse o Portal Eletr\u00f4nico Bionexo (www.bionexo.com.br); Se a sua empresa n\u00e3o for cadastrada no Portal Eletr\u00f4nico Bionexo e deseja mais esclarecimentos sobre como fornecer produtos ou servi\u00e7os para a SPDM, entre em contato conosco pelo e-mail\u00a0compras@spdm.org.br.\u00a0Este endere\u00e7o de e-mail est\u00e1 protegido contra spambots. Voc\u00ea deve habilitar o JavaScript para visualiz\u00e1-lo. Contrata\u00e7\u00e3o de Servi\u00e7os, Produtos e Comodatos. Visualize os editais. Em caso de d\u00favidas contate a gest\u00e3o de contratos no e-mail\u00a0contratos@spdm.org.br.\", \"Brazilian Portuguese Female\");\n                }\n            };\n        <\/script>\n    <\/span><\/h3>\n<article class=\"col2 pad_left1\">\n<div class=\"wrapper pad_bot1\">\n<div class=\"custom\">\n<p style=\"text-align: justify\">\u2013 Medicamentos, atrav\u00e9s da aquisi\u00e7\u00e3o via Editais da Secretaria Estadual de Sa\u00fade S\u00e3o Paulo (<a href=\"http:\/\/www.saude.sp.gov.br\/\">www.saude.sp.gov.br<\/a>);<\/p>\n<p style=\"text-align: justify\">\u2013 Material de Escrit\u00f3rio, Material de Higiene, Nutri\u00e7\u00e3o e demais itens, acesse o Portal Eletr\u00f4nico Bionexo (<a href=\"http:\/\/www.bionexo.com.br\/\">www.bionexo.com.br<\/a>);<\/p>\n<p style=\"text-align: justify\">Se a sua empresa n\u00e3o for cadastrada no Portal Eletr\u00f4nico Bionexo e deseja mais esclarecimentos sobre como fornecer produtos ou servi\u00e7os para a SPDM, entre em contato conosco pelo e-mail\u00a0<a href=\"mailto:compras@spdm.org.br\">compras@spdm.org.br<\/a>.\u00a0Este endere\u00e7o de e-mail est\u00e1 protegido contra spambots. Voc\u00ea deve habilitar o JavaScript para visualiz\u00e1-lo.<\/p>\n<p style=\"text-align: justify\">Contrata\u00e7\u00e3o de Servi\u00e7os, Produtos e Comodatos. Visualize os editais. Em caso de d\u00favidas contate a gest\u00e3o de contratos no e-mail\u00a0<a href=\"mailto:contratos@spdm.org.br\">contratos@spdm.org.br<\/a>.<\/p>\n<p style=\"text-align: justify\"><span style=\"font-size: 14.4px\"><\/span><\/p>\n<\/div>\n<\/div>\n<\/article>\n<p>REGULAMENTO DE COMPRAS<\/p>\n\n\t\t<\/div>\n\t<\/div>\n\t\n\t\n\n\t\t<\/div>\n\t\t\t\t\t<\/div>\n\n\t\n\n<\/div>\n\n","protected":false},"excerpt":{"rendered":"","protected":false},"author":1,"featured_media":0,"parent":0,"menu_order":0,"comment_status":"closed","ping_status":"closed","template":"","meta":{"footnotes":""},"class_list":["post-8058","page","type-page","status-publish","hentry"],"_links":{"self":[{"href":"https:\/\/ceafmc.animaker.com.br\/index.php?rest_route=\/wp\/v2\/pages\/8058","targetHints":{"allow":["GET"]}}],"collection":[{"href":"https:\/\/ceafmc.animaker.com.br\/index.php?rest_route=\/wp\/v2\/pages"}],"about":[{"href":"https:\/\/ceafmc.animaker.com.br\/index.php?rest_route=\/wp\/v2\/types\/page"}],"author":[{"embeddable":true,"href":"https:\/\/ceafmc.animaker.com.br\/index.php?rest_route=\/wp\/v2\/users\/1"}],"replies":[{"embeddable":true,"href":"https:\/\/ceafmc.animaker.com.br\/index.php?rest_route=%2Fwp%2Fv2%2Fcomments&post=8058"}],"version-history":[{"count":0,"href":"https:\/\/ceafmc.animaker.com.br\/index.php?rest_route=\/wp\/v2\/pages\/8058\/revisions"}],"wp:attachment":[{"href":"https:\/\/ceafmc.animaker.com.br\/index.php?rest_route=%2Fwp%2Fv2%2Fmedia&parent=8058"}],"curies":[{"name":"wp","href":"https:\/\/api.w.org\/{rel}","templated":true}]}}