{"id":8038,"date":"2015-08-09T18:37:54","date_gmt":"2015-08-09T21:37:54","guid":{"rendered":"http:\/\/crlmsjc.animaker.com.br\/?page_id=6733"},"modified":"2021-09-20T22:51:26","modified_gmt":"2021-09-21T01:51:26","slug":"tecnologia","status":"publish","type":"page","link":"https:\/\/ceafmc.animaker.com.br\/?page_id=8038","title":{"rendered":"Tecnologia"},"content":{"rendered":"\n<div class=\"container section-title-container\" ><h3 class=\"section-title section-title-normal\"><b aria-hidden=\"true\"><\/b><span class=\"section-title-main\" >Tecnologia<\/span><b aria-hidden=\"true\"><\/b><\/h3><\/div>\n\n<div class=\"row\"  id=\"row-1697949747\">\n\n\n\t<div id=\"col-933139289\" class=\"col small-12 large-12\"  >\n\t\t\t\t<div class=\"col-inner\"  >\n\t\t\t\n\t\t\t\n\n<p style=\"text-align: justify\"><span style=\"font-size: 75%\"><button id=\"bb1\" type=\"button\" value=\"Play\" class=\"responsivevoice-button\" title=\"ResponsiveVoice Tap to Start\/Stop Speech\"><span>&#128266; Ouvir<\/span><\/button>\n        <script>\n            bb1.onclick = function(){\n                if(responsiveVoice.isPlaying()){\n                    responsiveVoice.cancel();\n                }else{\n                    responsiveVoice.speak(\"A fim de criar um ambiente moderno e seguro para melhor atender aos seus clientes, as farm\u00e1cia de alto custo tem investido na incorpora\u00e7\u00e3o de tecnologias em seus processos, principalmente na Telemedicina e Sistemas Informatizados. Nestes seguimentos podem ser destacados:\", \"Brazilian Portuguese Female\");\n                }\n            };\n        <\/script>\n    <\/span>A fim de criar um ambiente moderno e seguro para melhor atender aos seus clientes, as farm\u00e1cia de alto custo tem investido na incorpora\u00e7\u00e3o de tecnologias em seus processos, principalmente na Telemedicina e Sistemas Informatizados.<\/p>\n<p style=\"text-align: justify\">Nestes seguimentos podem ser destacados:<span style=\"font-size: 14.4px\"><\/span><\/p>\n<div class=\"accordion\">\n\n\t<div id=\"accordion-838693690\" class=\"accordion-item\">\n\t\t<a id=\"accordion-838693690-label\" class=\"accordion-title plain\" href=\"#accordion-item-sistema-de-rh\" aria-expanded=\"false\" aria-controls=\"accordion-838693690-content\">\n\t\t\t<button class=\"toggle\" aria-label=\"Toggle\"><i class=\"icon-angle-down\" aria-hidden=\"true\"><\/i><\/button>\n\t\t\t<span>Sistema de RH<\/span>\n\t\t<\/a>\n\t\t<div id=\"accordion-838693690-content\" class=\"accordion-inner\" aria-labelledby=\"accordion-838693690-label\">\n\t\t\t\n\n<p style=\"text-align: justify\"><span style=\"color: #333333;font-size: 75%\"><button id=\"bb2\" type=\"button\" value=\"Play\" class=\"responsivevoice-button\" title=\"ResponsiveVoice Tap to Start\/Stop Speech\"><span>&#128266; Ouvir<\/span><\/button>\n        <script>\n            bb2.onclick = function(){\n                if(responsiveVoice.isPlaying()){\n                    responsiveVoice.cancel();\n                }else{\n                    responsiveVoice.speak(\"Sistema de RH: Sistema utilizado no RH para processamento de admiss\u00f5es, demiss\u00f5es, folha de pagamentos, f\u00e9rias, vale transporte e relat\u00f3rios diversos.\", \"Brazilian Portuguese Female\");\n                }\n            };\n        <\/script>\n    <\/span>Sistema de RH: Sistema utilizado no RH para processamento de admiss\u00f5es, demiss\u00f5es, folha de pagamentos, f\u00e9rias, vale transporte e relat\u00f3rios diversos.\n\n\t\t<\/div>\n\t<\/div>\n\t\n\t<div id=\"accordion-3903939868\" class=\"accordion-item\">\n\t\t<a id=\"accordion-3903939868-label\" class=\"accordion-title plain\" href=\"#accordion-item-ged\" aria-expanded=\"false\" aria-controls=\"accordion-3903939868-content\">\n\t\t\t<button class=\"toggle\" aria-label=\"Toggle\"><i class=\"icon-angle-down\" aria-hidden=\"true\"><\/i><\/button>\n\t\t\t<span>GED<\/span>\n\t\t<\/a>\n\t\t<div id=\"accordion-3903939868-content\" class=\"accordion-inner\" aria-labelledby=\"accordion-3903939868-label\">\n\t\t\t\n\n<p style=\"text-align: justify\"><span style=\"color: #333333;font-size: 75%\"><button id=\"bb3\" type=\"button\" value=\"Play\" class=\"responsivevoice-button\" title=\"ResponsiveVoice Tap to Start\/Stop Speech\"><span>&#128266; Ouvir<\/span><\/button>\n        <script>\n            bb3.onclick = function(){\n                if(responsiveVoice.isPlaying()){\n                    responsiveVoice.cancel();\n                }else{\n                    responsiveVoice.speak(\"GED:\u00a0Sistema utilizado para controlar, armazenar, compartilhar e recuperar informa\u00e7\u00f5es existentes em documentos. Digitaliza todo o processo do paciente.\", \"Brazilian Portuguese Female\");\n                }\n            };\n        <\/script>\n    <\/span>GED:\u00a0Sistema utilizado para controlar, armazenar, compartilhar e recuperar informa\u00e7\u00f5es existentes em documentos. Digitaliza todo o processo do paciente.<\/p>\n<p style=\"text-align: justify\">\n\n\t\t<\/div>\n\t<\/div>\n\t\n\t<div id=\"accordion-4139000546\" class=\"accordion-item\">\n\t\t<a id=\"accordion-4139000546-label\" class=\"accordion-title plain\" href=\"#accordion-item-transmiss\u00e3o-de-eventos\" aria-expanded=\"false\" aria-controls=\"accordion-4139000546-content\">\n\t\t\t<button class=\"toggle\" aria-label=\"Toggle\"><i class=\"icon-angle-down\" aria-hidden=\"true\"><\/i><\/button>\n\t\t\t<span>Transmiss\u00e3o de Eventos<\/span>\n\t\t<\/a>\n\t\t<div id=\"accordion-4139000546-content\" class=\"accordion-inner\" aria-labelledby=\"accordion-4139000546-label\">\n\t\t\t\n\n<p style=\"text-align: justify;\"><span style=\"font-size: 75%;\"><button id=\"bb4\" type=\"button\" value=\"Play\" class=\"responsivevoice-button\" title=\"ResponsiveVoice Tap to Start\/Stop Speech\"><span>&#128266; Ouvir<\/span><\/button>\n        <script>\n            bb4.onclick = function(){\n                if(responsiveVoice.isPlaying()){\n                    responsiveVoice.cancel();\n                }else{\n                    responsiveVoice.speak(\"Destaca-se a transmiss\u00e3o de \u00c1udio e V\u00eddeo para eventos e treinamentos ao vivo, difundido conhecimento e maximizando nossos recursos.\", \"Brazilian Portuguese Female\");\n                }\n            };\n        <\/script>\n    <\/span>Destaca-se a transmiss\u00e3o de \u00c1udio e V\u00eddeo para eventos e treinamentos ao vivo, difundido conhecimento e maximizando nossos recursos.\n\n\t\t<\/div>\n\t<\/div>\n\t\n\n<\/div>\n\n\t\t<\/div>\n\t\t\t\t\t<\/div>\n\n\t\n\n<\/div>\n\n","protected":false},"excerpt":{"rendered":"","protected":false},"author":1,"featured_media":0,"parent":0,"menu_order":0,"comment_status":"closed","ping_status":"closed","template":"","meta":{"footnotes":""},"class_list":["post-8038","page","type-page","status-publish","hentry"],"_links":{"self":[{"href":"https:\/\/ceafmc.animaker.com.br\/index.php?rest_route=\/wp\/v2\/pages\/8038","targetHints":{"allow":["GET"]}}],"collection":[{"href":"https:\/\/ceafmc.animaker.com.br\/index.php?rest_route=\/wp\/v2\/pages"}],"about":[{"href":"https:\/\/ceafmc.animaker.com.br\/index.php?rest_route=\/wp\/v2\/types\/page"}],"author":[{"embeddable":true,"href":"https:\/\/ceafmc.animaker.com.br\/index.php?rest_route=\/wp\/v2\/users\/1"}],"replies":[{"embeddable":true,"href":"https:\/\/ceafmc.animaker.com.br\/index.php?rest_route=%2Fwp%2Fv2%2Fcomments&post=8038"}],"version-history":[{"count":0,"href":"https:\/\/ceafmc.animaker.com.br\/index.php?rest_route=\/wp\/v2\/pages\/8038\/revisions"}],"wp:attachment":[{"href":"https:\/\/ceafmc.animaker.com.br\/index.php?rest_route=%2Fwp%2Fv2%2Fmedia&parent=8038"}],"curies":[{"name":"wp","href":"https:\/\/api.w.org\/{rel}","templated":true}]}}