{"id":8025,"date":"2015-06-10T00:48:07","date_gmt":"2015-06-10T03:48:07","guid":{"rendered":"http:\/\/s11396.p20.sites.pressdns.com\/?page_id=6593"},"modified":"2021-09-20T22:51:06","modified_gmt":"2021-09-21T01:51:06","slug":"perguntas-frequentes","status":"publish","type":"page","link":"https:\/\/ceafmc.animaker.com.br\/?page_id=8025","title":{"rendered":"Perguntas Frequentes"},"content":{"rendered":"<div class=\"container section-title-container\" ><h3 class=\"section-title section-title-normal\"><b aria-hidden=\"true\"><\/b><span class=\"section-title-main\" >Perguntas Frequentes<\/span><b aria-hidden=\"true\"><\/b><\/h3><\/div>\n<div class=\"row row-small\"  id=\"row-2068353320\">\n\n\t<div id=\"col-510240383\" class=\"col small-12 large-12\"  >\n\t\t\t\t<div class=\"col-inner\"  >\n\t\t\t\n\t\t\t\n<div class=\"accordion\">\n\t<div id=\"accordion-1711447744\" class=\"accordion-item\">\n\t\t<a id=\"accordion-1711447744-label\" class=\"accordion-title plain\" href=\"#accordion-item-o-que-\u00e9-ceaf?\" aria-expanded=\"false\" aria-controls=\"accordion-1711447744-content\">\n\t\t\t<button class=\"toggle\" aria-label=\"Toggle\"><i class=\"icon-angle-down\" aria-hidden=\"true\"><\/i><\/button>\n\t\t\t<span>O que \u00e9 CEAF?<\/span>\n\t\t<\/a>\n\t\t<div id=\"accordion-1711447744-content\" class=\"accordion-inner\" aria-labelledby=\"accordion-1711447744-label\">\n\t\t\t\n<p style=\"text-align: justify\"><span style=\"font-size: 75%\"><button id=\"bb1\" type=\"button\" value=\"Play\" class=\"responsivevoice-button\" title=\"ResponsiveVoice Tap to Start\/Stop Speech\"><span>&#128266; Ouvir<\/span><\/button>\n        <script>\n            bb1.onclick = function(){\n                if(responsiveVoice.isPlaying()){\n                    responsiveVoice.cancel();\n                }else{\n                    responsiveVoice.speak(\"CEAF \u00e9 a sigla do Componente Especializado da Assist\u00eancia Farmac\u00eautica, regulamentado pelas Portarias GM\/MS N\u00ba 1.554, de 30 de Julho de 2013, Consolida\u00e7\u00e3o n\u00ba 02 e Consolida\u00e7\u00e3o n\u00ba 06 de 28 de setembro de 2017, e N\u00ba 1.996, de 11 de Setembro de 2013; Visa garantir, no \u00e2mbito do Sistema \u00danico de Sa\u00fade (SUS), o acesso ao tratamento medicamentoso de doen\u00e7as cujas linhas de cuidado est\u00e3o definidas em Protocolos Cl\u00ednicos e Diretrizes Terap\u00eauticas (PCDT) do Minist\u00e9rio de Estado da Sa\u00fade (MS) e em Resolu\u00e7\u00f5es da Secretaria de Estado da Sa\u00fade de S\u00e3o Paulo (SES\/SP).\", \"Brazilian Portuguese Female\");\n                }\n            };\n        <\/script>\n    <\/span><\/p>\n<p style=\"text-align: justify\">CEAF \u00e9 a sigla do Componente Especializado da Assist\u00eancia Farmac\u00eautica, regulamentado pelas Portarias GM\/MS N\u00ba 1.554, de 30 de Julho de 2013, Consolida\u00e7\u00e3o n\u00ba 02 e Consolida\u00e7\u00e3o n\u00ba 06 de 28 de setembro de 2017, e N\u00ba 1.996, de 11 de Setembro de 2013; Visa garantir, no \u00e2mbito do Sistema \u00danico de Sa\u00fade (SUS), o acesso ao tratamento medicamentoso de doen\u00e7as cujas linhas de cuidado est\u00e3o definidas em Protocolos Cl\u00ednicos e Diretrizes Terap\u00eauticas (PCDT) do Minist\u00e9rio de Estado da Sa\u00fade (MS) e em Resolu\u00e7\u00f5es da Secretaria de Estado da Sa\u00fade de S\u00e3o Paulo (SES\/SP).<\/p>\n<p style=\"text-align: justify\"><span style=\"font-size: 14.4px\"><\/span><\/p>\n\t\t<\/div>\n\t<\/div>\n\t\n\t<div id=\"accordion-3845181387\" class=\"accordion-item\">\n\t\t<a id=\"accordion-3845181387-label\" class=\"accordion-title plain\" href=\"#accordion-item-como-obter-o-medicamento-dispensado-pelas-unidades-de-farm\u00e1cia-de-alto-custo?\" aria-expanded=\"false\" aria-controls=\"accordion-3845181387-content\">\n\t\t\t<button class=\"toggle\" aria-label=\"Toggle\"><i class=\"icon-angle-down\" aria-hidden=\"true\"><\/i><\/button>\n\t\t\t<span>Como obter o medicamento dispensado pelas Unidades de Farm\u00e1cia de Alto Custo?<\/span>\n\t\t<\/a>\n\t\t<div id=\"accordion-3845181387-content\" class=\"accordion-inner\" aria-labelledby=\"accordion-3845181387-label\">\n\t\t\t\n<p style=\"text-align: justify\"><span style=\"font-size: 75%\"><a><button id=\"bb2\" type=\"button\" value=\"Play\" class=\"responsivevoice-button\" title=\"ResponsiveVoice Tap to Start\/Stop Speech\"><span>&#128266; Ouvir<\/span><\/button>\n        <script>\n            bb2.onclick = function(){\n                if(responsiveVoice.isPlaying()){\n                    responsiveVoice.cancel();\n                }else{\n                    responsiveVoice.speak(\"\u00c9 importante que a indica\u00e7\u00e3o para o uso dos medicamentos do Componente Especializado da Assist\u00eancia Farmac\u00eautica (CEAF) seja de exclusiva responsabilidade do profissional m\u00e9dico que acompanha o tratamento do paciente. S\u00e3o necess\u00e1rios os seguintes documentos: 1 \u2013\u00a0Laudo de Solicita\u00e7\u00e3o, Avalia\u00e7\u00e3o e Autoriza\u00e7\u00e3o de Medicamentos do Componente Especializado da Assist\u00eancia Farmac\u00eautica (LME \u2013 Solicita\u00e7\u00e3o), preenchido, de forma completa e leg\u00edvel, conforme Nota T\u00e9cnica N\u00b003 de 30 de maio de 2018, pelo m\u00e9dico respons\u00e1vel pelo atendimento ao paciente. 2 \u2013\u00a0Prescri\u00e7\u00e3o de Medicamento (Receitu\u00e1rio M\u00e9dico), em 02 (duas) vias, elaborada, de forma completa e leg\u00edvel, pelo m\u00e9dico respons\u00e1vel pelo atendimento ao paciente. Muito Importante:\u00a0Em caso de medicamentos sujeitos a controle especial, dever\u00e3o ser rigorosamente seguidas as exig\u00eancias da legisla\u00e7\u00e3o vigente. 3 \u2013\u00a0C\u00f3pias de Documentos Pessoais do paciente: \u2013 Documento de Identidade; \u2013 Comprovante de resid\u00eancia com CEP; \u2013 Cart\u00e3o Nacional de Sa\u00fade (CNS); \u2013 Outros documentos exigidos nos Protocolos Cl\u00ednicos e Diretrizes Terap\u00eauticas (PCDT) do Minist\u00e9rio de Estado da Sa\u00fade, de acordo com o diagn\u00f3stico do paciente e o medicamento solicitado no tratamento. Os documentos acima mencionados devem ser entregues, pelo paciente ou seu representante, em um dos locais de dispensa\u00e7\u00e3o de medicamentos do Componente Especializado da Assist\u00eancia Farmac\u00eautica. Para maiores consultas sobre os crit\u00e9rios estabelecidos nos Protocolos Cl\u00ednicos e Diretrizes Terap\u00eauticas, deixamos a seguinte refer\u00eancia:\u00a0clique aqui\u00a0. Tamb\u00e9m nas Unidades de Farm\u00e1cia de Alto Custo \u00e9 poss\u00edvel retirar todas as d\u00favidas a respeito da obten\u00e7\u00e3o dos medicamentos. Aten\u00e7\u00e3o: 1 \u2013 \u00c9 necess\u00e1rio providenciar um LME para cada doen\u00e7a do paciente; 2 \u2013 Para cada LME, pode ser retirado medicamentos para 03 meses; 3 \u2013 Ap\u00f3s o 3\u00ba m\u00eas de retirada do medicamento, caso o m\u00e9dico respons\u00e1vel pelo atendimento ao paciente julgue necess\u00e1ria a continuidade do tratamento, devem ser providenciados novo LME, Prescri\u00e7\u00e3o M\u00e9dica em 02 (duas) vias e c\u00f3pias dos exames exigidos nos Protocolos Cl\u00ednicos e Diretrizes Terap\u00eauticas (PCDT); 4 \u2013 O LME est\u00e1 sujeito \u00e0 avalia\u00e7\u00e3o de profissionais m\u00e9dicos auditores da Secretaria de Estado da Sa\u00fade de S\u00e3o Paulo (SES\/SP), que poder\u00e3o ou n\u00e3o autorizar a dispensa\u00e7\u00e3o do medicamento solicitado.\", \"Brazilian Portuguese Female\");\n                }\n            };\n        <\/script>\n    <\/a><\/span><\/p>\n<p style=\"text-align: justify\">\u00c9 importante que a indica\u00e7\u00e3o para o uso dos medicamentos do Componente Especializado da Assist\u00eancia Farmac\u00eautica (CEAF) seja de exclusiva responsabilidade do profissional m\u00e9dico que acompanha o tratamento do paciente.<\/p>\n<p style=\"text-align: justify\">S\u00e3o necess\u00e1rios os seguintes documentos:<\/p>\n<p style=\"text-align: justify\">1 \u2013\u00a0<strong>Laudo de Solicita\u00e7\u00e3o, Avalia\u00e7\u00e3o e Autoriza\u00e7\u00e3o de Medicamentos do Componente Especializado da Assist\u00eancia Farmac\u00eautica (LME \u2013 Solicita\u00e7\u00e3o)<\/strong>, preenchido, de forma completa e leg\u00edvel, conforme Nota T\u00e9cnica N\u00b003 de 30 de maio de 2018, pelo m\u00e9dico respons\u00e1vel pelo atendimento ao paciente.<\/p>\n<p style=\"text-align: justify\">2 \u2013\u00a0<strong>Prescri\u00e7\u00e3o de Medicamento (Receitu\u00e1rio M\u00e9dico)<\/strong>, em 02 (duas) vias, elaborada, de forma completa e leg\u00edvel, pelo m\u00e9dico respons\u00e1vel pelo atendimento ao paciente.<\/p>\n<p style=\"text-align: justify\"><strong>Muito Importante:<\/strong>\u00a0Em caso de medicamentos sujeitos a controle especial, dever\u00e3o ser rigorosamente seguidas as exig\u00eancias da legisla\u00e7\u00e3o vigente.<\/p>\n<p style=\"text-align: justify\">3 \u2013\u00a0<strong>C\u00f3pias de Documentos Pessoais do paciente:<\/strong><\/p>\n<p style=\"text-align: justify\">\u2013 Documento de Identidade;<\/p>\n<p style=\"text-align: justify\">\u2013 Comprovante de resid\u00eancia com CEP;<\/p>\n<p style=\"text-align: justify\">\u2013 Cart\u00e3o Nacional de Sa\u00fade (CNS);<\/p>\n<p style=\"text-align: justify\">\u2013 Outros documentos exigidos nos Protocolos Cl\u00ednicos e Diretrizes Terap\u00eauticas (PCDT) do Minist\u00e9rio de Estado da Sa\u00fade, de acordo com o diagn\u00f3stico do paciente e o medicamento solicitado no tratamento.<\/p>\n<p style=\"text-align: justify\">Os documentos acima mencionados devem ser entregues, pelo paciente ou seu representante, em um dos locais de dispensa\u00e7\u00e3o de medicamentos do Componente Especializado da Assist\u00eancia Farmac\u00eautica.<\/p>\n<p style=\"text-align: justify\">Para maiores consultas sobre os crit\u00e9rios estabelecidos nos Protocolos Cl\u00ednicos e Diretrizes Terap\u00eauticas, deixamos a seguinte refer\u00eancia:\u00a0<a href=\"http:\/\/portalsaude.saude.gov.br\/index.php\/o-ministerio\/principal\/leia-mais-o-ministerio\/840-sctie-raiz\/daf-raiz\/cgceaf-raiz\/cgceaf\/l3-cgceaf\/11646-pcdt\" target=\"_blank\" rel=\"noopener noreferrer\">clique aqui<\/a>\u00a0.<\/p>\n<p style=\"text-align: justify\">Tamb\u00e9m nas Unidades de Farm\u00e1cia de Alto Custo \u00e9 poss\u00edvel retirar todas as d\u00favidas a respeito da obten\u00e7\u00e3o dos medicamentos.<\/p>\n<p style=\"text-align: justify\"><strong>Aten\u00e7\u00e3o:<\/strong><\/p>\n<p style=\"text-align: justify\">1 \u2013 \u00c9 necess\u00e1rio providenciar um LME para cada doen\u00e7a do paciente;<\/p>\n<p style=\"text-align: justify\">2 \u2013 Para cada LME, pode ser retirado medicamentos para 03 meses;<\/p>\n<p style=\"text-align: justify\">3 \u2013 Ap\u00f3s o 3\u00ba m\u00eas de retirada do medicamento, caso o m\u00e9dico respons\u00e1vel pelo atendimento ao paciente julgue necess\u00e1ria a continuidade do tratamento, devem ser providenciados novo LME, Prescri\u00e7\u00e3o M\u00e9dica em 02 (duas) vias e c\u00f3pias dos exames exigidos nos Protocolos Cl\u00ednicos e Diretrizes Terap\u00eauticas (PCDT);<\/p>\n<p style=\"text-align: justify\">4 \u2013 O LME est\u00e1 sujeito \u00e0 avalia\u00e7\u00e3o de profissionais m\u00e9dicos auditores da Secretaria de Estado da Sa\u00fade de S\u00e3o Paulo (SES\/SP), que poder\u00e3o ou n\u00e3o autorizar a dispensa\u00e7\u00e3o do medicamento solicitado.<\/p>\n<p style=\"text-align: justify\"><span style=\"font-size: 14.4px\"><\/span><\/p>\n\t\t<\/div>\n\t<\/div>\n\t\n\t<div id=\"accordion-174191285\" class=\"accordion-item\">\n\t\t<a id=\"accordion-174191285-label\" class=\"accordion-title plain\" href=\"#accordion-item-os-atendimentos-realizados-nas-unidades-de-farm\u00e1cia-de-alto-custo-s\u00e3o-pagos?\" aria-expanded=\"false\" aria-controls=\"accordion-174191285-content\">\n\t\t\t<button class=\"toggle\" aria-label=\"Toggle\"><i class=\"icon-angle-down\" aria-hidden=\"true\"><\/i><\/button>\n\t\t\t<span>Os atendimentos realizados nas Unidades de Farm\u00e1cia de Alto Custo s\u00e3o pagos?<\/span>\n\t\t<\/a>\n\t\t<div id=\"accordion-174191285-content\" class=\"accordion-inner\" aria-labelledby=\"accordion-174191285-label\">\n\t\t\t\n<p style=\"text-align: justify\"><span style=\"font-size: 75%\"><a><button id=\"bb3\" type=\"button\" value=\"Play\" class=\"responsivevoice-button\" title=\"ResponsiveVoice Tap to Start\/Stop Speech\"><span>&#128266; Ouvir<\/span><\/button>\n        <script>\n            bb3.onclick = function(){\n                if(responsiveVoice.isPlaying()){\n                    responsiveVoice.cancel();\n                }else{\n                    responsiveVoice.speak(\"Os atendimentos realizados nas Unidades de Farm\u00e1cia de Alto Custo n\u00e3o s\u00e3o pagos, sendo totalmente custeados pelo Sistema \u00danico de Sa\u00fade (SUS).\", \"Brazilian Portuguese Female\");\n                }\n            };\n        <\/script>\n    <\/a><\/span><\/p>\n<p style=\"text-align: justify\">Os atendimentos realizados nas Unidades de Farm\u00e1cia de Alto Custo n\u00e3o s\u00e3o pagos, sendo totalmente custeados pelo Sistema \u00danico de Sa\u00fade (SUS).<\/p>\n<p style=\"text-align: justify\"><span style=\"font-size: 14.4px\"><\/span><\/p>\n\t\t<\/div>\n\t<\/div>\n\t\n\t<div id=\"accordion-2295143630\" class=\"accordion-item\">\n\t\t<a id=\"accordion-2295143630-label\" class=\"accordion-title plain\" href=\"#accordion-item-posso-retirar-mais-de-uma-vez-o-medicamento,-dentro-do-m\u00eas?\" aria-expanded=\"false\" aria-controls=\"accordion-2295143630-content\">\n\t\t\t<button class=\"toggle\" aria-label=\"Toggle\"><i class=\"icon-angle-down\" aria-hidden=\"true\"><\/i><\/button>\n\t\t\t<span>Posso retirar mais de uma vez o medicamento, dentro do m\u00eas?<\/span>\n\t\t<\/a>\n\t\t<div id=\"accordion-2295143630-content\" class=\"accordion-inner\" aria-labelledby=\"accordion-2295143630-label\">\n\t\t\t\n<p style=\"text-align: justify\"><span style=\"font-size: 75%\"><a><button id=\"bb4\" type=\"button\" value=\"Play\" class=\"responsivevoice-button\" title=\"ResponsiveVoice Tap to Start\/Stop Speech\"><span>&#128266; Ouvir<\/span><\/button>\n        <script>\n            bb4.onclick = function(){\n                if(responsiveVoice.isPlaying()){\n                    responsiveVoice.cancel();\n                }else{\n                    responsiveVoice.speak(\"N\u00e3o! A dispensa\u00e7\u00e3o do medicamento \u00e9 realizada apenas uma \u00fanica vez no m\u00eas vigente, sendo disponibilizada a quantidade exata para o tratamento no per\u00edodo de 30 dias.\", \"Brazilian Portuguese Female\");\n                }\n            };\n        <\/script>\n    <\/a><\/span><\/p>\n<p style=\"text-align: justify\">N\u00e3o! A dispensa\u00e7\u00e3o do medicamento \u00e9 realizada apenas uma \u00fanica vez no m\u00eas vigente, sendo disponibilizada a quantidade exata para o tratamento no per\u00edodo de 30 dias.<\/p>\n<p style=\"text-align: justify\"><span style=\"font-size: 14.4px\"><\/span><\/p>\n\t\t<\/div>\n\t<\/div>\n\t\n<\/div>\n\t\t<\/div>\n\t\t\t\t\t<\/div>\n\n\t\n<\/div>\n","protected":false},"excerpt":{"rendered":"","protected":false},"author":1,"featured_media":0,"parent":0,"menu_order":0,"comment_status":"closed","ping_status":"closed","template":"","meta":{"footnotes":""},"class_list":["post-8025","page","type-page","status-publish","hentry"],"_links":{"self":[{"href":"https:\/\/ceafmc.animaker.com.br\/index.php?rest_route=\/wp\/v2\/pages\/8025","targetHints":{"allow":["GET"]}}],"collection":[{"href":"https:\/\/ceafmc.animaker.com.br\/index.php?rest_route=\/wp\/v2\/pages"}],"about":[{"href":"https:\/\/ceafmc.animaker.com.br\/index.php?rest_route=\/wp\/v2\/types\/page"}],"author":[{"embeddable":true,"href":"https:\/\/ceafmc.animaker.com.br\/index.php?rest_route=\/wp\/v2\/users\/1"}],"replies":[{"embeddable":true,"href":"https:\/\/ceafmc.animaker.com.br\/index.php?rest_route=%2Fwp%2Fv2%2Fcomments&post=8025"}],"version-history":[{"count":0,"href":"https:\/\/ceafmc.animaker.com.br\/index.php?rest_route=\/wp\/v2\/pages\/8025\/revisions"}],"wp:attachment":[{"href":"https:\/\/ceafmc.animaker.com.br\/index.php?rest_route=%2Fwp%2Fv2%2Fmedia&parent=8025"}],"curies":[{"name":"wp","href":"https:\/\/api.w.org\/{rel}","templated":true}]}}