{"id":8019,"date":"2015-05-27T01:42:32","date_gmt":"2015-05-27T04:42:32","guid":{"rendered":"http:\/\/s11396.p20.sites.pressdns.com\/?page_id=6560"},"modified":"2021-09-20T22:50:54","modified_gmt":"2021-09-21T01:50:54","slug":"inclusao-social","status":"publish","type":"page","link":"https:\/\/ceafmc.animaker.com.br\/?page_id=8019","title":{"rendered":"Inclus\u00e3o Social"},"content":{"rendered":"\n<div class=\"container section-title-container\" ><h3 class=\"section-title section-title-normal\"><b aria-hidden=\"true\"><\/b><span class=\"section-title-main\" >Inclus\u00e3o Social<\/span><b aria-hidden=\"true\"><\/b><\/h3><\/div>\n\n<p style=\"text-align: justify;\"><span style=\"font-size: 75%;\"><button id=\"bb1\" type=\"button\" value=\"Play\" class=\"responsivevoice-button\" title=\"ResponsiveVoice Tap to Start\/Stop Speech\"><span>&#128266; Ouvir<\/span><\/button>\n        <script>\n            bb1.onclick = function(){\n                if(responsiveVoice.isPlaying()){\n                    responsiveVoice.cancel();\n                }else{\n                    responsiveVoice.speak(\"A Inclus\u00e3o Social est\u00e1 ligada as pessoas que n\u00e3o t\u00eam as mesmas oportunidades dentro da sociedade. Em 1981, a ONU (Organiza\u00e7\u00e3o das Na\u00e7\u00f5es Unidas) criou um decreto tornando esse ano como o Ano Internacional das Pessoas Portadoras de Defici\u00eancias (AIPPD), \u00e9poca em que\u00a0as pessoas portadoras de alguma necessidade especial passaram a ser notadas e iniciou-se a conscientiza\u00e7\u00e3o de que elas tamb\u00e9m eram merecedoras dos mesmos direitos que os outros cidad\u00e3os. Nas Unidades de Farm\u00e1cia realizamos a contrata\u00e7\u00e3o de pessoas portadoras de defici\u00eancia atrav\u00e9s do Programa Colaborador Eficiente, al\u00e9m disso, possu\u00edmos atendimento preferencial aos usu\u00e1rios com alguma necessidade especial, banheiros adaptados e acesso facilitado. Se voc\u00ea \u00e9 portador de alguma defici\u00eancia e quer fazer parte da equipe SPDM encaminhe seu curr\u00edculo para: https:\/\/fac.gupy.io\/\u00a0\", \"Brazilian Portuguese Female\");\n                }\n            };\n        <\/script>\n    <\/span>A Inclus\u00e3o Social est\u00e1 ligada as pessoas que n\u00e3o t\u00eam as mesmas oportunidades dentro da sociedade. Em 1981, a ONU (Organiza\u00e7\u00e3o das Na\u00e7\u00f5es Unidas) criou um decreto tornando esse ano como o Ano Internacional das Pessoas Portadoras de Defici\u00eancias (AIPPD), \u00e9poca em que\u00a0as pessoas portadoras de alguma necessidade especial passaram a ser notadas e iniciou-se a conscientiza\u00e7\u00e3o de que elas tamb\u00e9m eram merecedoras dos mesmos direitos que os outros cidad\u00e3os.<\/p>\n<p style=\"text-align: justify;\">Nas Unidades de Farm\u00e1cia realizamos a contrata\u00e7\u00e3o de pessoas portadoras de defici\u00eancia atrav\u00e9s do Programa Colaborador Eficiente, al\u00e9m disso, possu\u00edmos atendimento preferencial aos usu\u00e1rios com alguma necessidade especial, banheiros adaptados e acesso facilitado.<\/p>\n<p style=\"text-align: justify;\">Se voc\u00ea \u00e9 portador de alguma defici\u00eancia e quer fazer parte da equipe SPDM encaminhe seu curr\u00edculo para: <a href=\"https:\/\/fac.gupy.io\/\">https:\/\/fac.gupy.io\/<\/a>\u00a0 <strong><\/strong><\/p>\n\n","protected":false},"excerpt":{"rendered":"","protected":false},"author":1,"featured_media":0,"parent":0,"menu_order":0,"comment_status":"closed","ping_status":"closed","template":"","meta":{"footnotes":""},"class_list":["post-8019","page","type-page","status-publish","hentry"],"_links":{"self":[{"href":"https:\/\/ceafmc.animaker.com.br\/index.php?rest_route=\/wp\/v2\/pages\/8019","targetHints":{"allow":["GET"]}}],"collection":[{"href":"https:\/\/ceafmc.animaker.com.br\/index.php?rest_route=\/wp\/v2\/pages"}],"about":[{"href":"https:\/\/ceafmc.animaker.com.br\/index.php?rest_route=\/wp\/v2\/types\/page"}],"author":[{"embeddable":true,"href":"https:\/\/ceafmc.animaker.com.br\/index.php?rest_route=\/wp\/v2\/users\/1"}],"replies":[{"embeddable":true,"href":"https:\/\/ceafmc.animaker.com.br\/index.php?rest_route=%2Fwp%2Fv2%2Fcomments&post=8019"}],"version-history":[{"count":0,"href":"https:\/\/ceafmc.animaker.com.br\/index.php?rest_route=\/wp\/v2\/pages\/8019\/revisions"}],"wp:attachment":[{"href":"https:\/\/ceafmc.animaker.com.br\/index.php?rest_route=%2Fwp%2Fv2%2Fmedia&parent=8019"}],"curies":[{"name":"wp","href":"https:\/\/api.w.org\/{rel}","templated":true}]}}