{"id":7367,"date":"2018-09-24T04:25:34","date_gmt":"2018-09-24T04:25:34","guid":{"rendered":"http:\/\/fac.spdmafiliadas.org.br\/?page_id=7367"},"modified":"2021-07-26T12:04:59","modified_gmt":"2021-07-26T15:04:59","slug":"acesso-a-informacao-fac","status":"publish","type":"page","link":"https:\/\/ceafmc.animaker.com.br\/?page_id=7367","title":{"rendered":"Acesso a Informa\u00e7\u00e3o FAC"},"content":{"rendered":"\n<div class=\"container section-title-container\" ><h3 class=\"section-title section-title-normal\"><b aria-hidden=\"true\"><\/b><span class=\"section-title-main\" >Acesso a Informa\u00e7\u00e3o<\/span><b aria-hidden=\"true\"><\/b><\/h3><\/div>\n\n<div class=\"row\"  id=\"row-1989087082\">\n\n\n\t<div id=\"col-1984718339\" class=\"col small-12 large-12\"  >\n\t\t\t\t<div class=\"col-inner\"  >\n\t\t\t\n\t\t\t\n\n<p>LEI DE ACESSO \u00c0 INFORMA\u00c7\u00c3O P\u00daBLICA &#8211; LEI 12.527, de 18 de novembro de 2011<\/p>\n<p style=\"text-align: right\"><span style=\"font-size: 75%\"><button id=\"bb1\" type=\"button\" value=\"Play\" class=\"responsivevoice-button\" title=\"ResponsiveVoice Tap to Start\/Stop Speech\"><span>&#128266; Ouvir<\/span><\/button>\n        <script>\n            bb1.onclick = function(){\n                if(responsiveVoice.isPlaying()){\n                    responsiveVoice.cancel();\n                }else{\n                    responsiveVoice.speak(\"Regula o acesso a informa\u00e7\u00f5es previsto no inciso XXXIII do art. 5o, no inciso II do \u00a7 3o do art. 37 e no \u00a7 2o do art. 216 da Constitui\u00e7\u00e3o Federal; altera a Lei no 8.112, de 11 de dezembro de 1990; revoga a Lei no 11.111, de 5 de maio de 2005, e dispositivos da Lei no 8.159, de 8 de janeiro de 1991; e d\u00e1 outras provid\u00eancias. ACESSO AO PORTAL DA TRANSPAR\u00caNCIA ESTADUAL (http:\/\/www.portaldatransparencia.saude.sp.gov.br\/)\", \"Brazilian Portuguese Female\");\n                }\n            };\n        <\/script>\n    <\/span><\/p>\n<p style=\"text-align: justify\">Regula o acesso a informa\u00e7\u00f5es previsto no inciso XXXIII do art. 5o, no inciso II do \u00a7 3o do art. 37 e no \u00a7 2o do art. 216 da Constitui\u00e7\u00e3o Federal; altera a Lei no 8.112, de 11 de dezembro de 1990; revoga a Lei no 11.111, de 5 de maio de 2005, e dispositivos da Lei no 8.159, de 8 de janeiro de 1991; e d\u00e1 outras provid\u00eancias.<\/p>\n<p><a href=\"http:\/\/www.portaldatransparencia.saude.sp.gov.br\/\" target=\"_blank\" rel=\"noopener noreferrer\">ACESSO AO PORTAL DA TRANSPAR\u00caNCIA ESTADUAL<\/a><\/p>\n<p><a href=\"http:\/\/www.portaldatransparencia.saude.sp.gov.br\/\" target=\"_blank\" rel=\"noopener noreferrer\">(http:\/\/www.portaldatransparencia.saude.sp.gov.br\/)<\/a><\/p>\n\n<div class=\"accordion\">\n\n\t<div id=\"accordion-2030545085\" class=\"accordion-item\">\n\t\t<a id=\"accordion-2030545085-label\" class=\"accordion-title plain\" href=\"#accordion-item-atividades-e-resultados\" aria-expanded=\"false\" aria-controls=\"accordion-2030545085-content\">\n\t\t\t<button class=\"toggle\" aria-label=\"Toggle\"><i class=\"icon-angle-down\" aria-hidden=\"true\"><\/i><\/button>\n\t\t\t<span>Atividades e Resultados<\/span>\n\t\t<\/a>\n\t\t<div id=\"accordion-2030545085-content\" class=\"accordion-inner\" aria-labelledby=\"accordion-2030545085-label\">\n\t\t\t\n\n<p>Relat\u00f3rio de Atividades<\/p>\n<ul>\n<li><a href=\"https:\/\/fac.spdmafiliadas.org.br\/wp-content\/uploads\/sites\/10\/2021\/07\/Atividades-e-Resultados-Mogi-das-Cruzes-2.pdf\">2021 \u2013 Contratado x Realizado Mogi das Cruzes<\/a>\u00a0(<a href=\"https:\/\/fac.spdmafiliadas.org.br\/wp-content\/uploads\/sites\/10\/2021\/07\/Atividades-e-Resultados-Mogi-das-Cruzes-2.xlsx\">exportar Excel<\/a>) (\u00a0<a href=\"https:\/\/fac.spdmafiliadas.org.br\/wp-content\/uploads\/sites\/10\/2021\/07\/Atividades-e-Resultados-Mogi-das-Cruzes-2.txt\">exportar TXT<\/a>\u00a0) (<a href=\"https:\/\/fac.spdmafiliadas.org.br\/wp-content\/uploads\/sites\/10\/2021\/07\/Atividades-e-Resultados-Mogi-das-Cruzes-2.csv\">\u00a0exportar CSV\u00a0<\/a>)<\/li>\n<li><a href=\"https:\/\/fac.spdmafiliadas.org.br\/wp-content\/uploads\/sites\/10\/2021\/01\/Produc\u0327a\u0303o-Mogi-das-Cruzes-2020.pdf\">2020 \u2013 Contratado x Realizado Mogi das Cruzes<\/a> (<a href=\"https:\/\/fac.spdmafiliadas.org.br\/wp-content\/uploads\/sites\/10\/2021\/01\/Produc\u0327a\u0303o-Mogi-das-Cruzes-2020.xlsx\">exportar Excel<\/a>) ( <a href=\"https:\/\/fac.spdmafiliadas.org.br\/wp-content\/uploads\/sites\/10\/2021\/01\/Produc\u0327a\u0303o-Mogi-das-Cruzes-2020-1.txt\">exportar TXT<\/a> ) ( <a href=\"https:\/\/fac.spdmafiliadas.org.br\/wp-content\/uploads\/sites\/10\/2021\/01\/Produc\u0327a\u0303o-Mogi-das-Cruzes-2020.csv\">exportar CSV<\/a> )<\/li>\n<\/ul>\n\n\t\t<\/div>\n\t<\/div>\n\t\n\t<div id=\"accordion-214107409\" class=\"accordion-item\">\n\t\t<a id=\"accordion-214107409-label\" class=\"accordion-title plain\" href=\"#accordion-item-certificados\" aria-expanded=\"false\" aria-controls=\"accordion-214107409-content\">\n\t\t\t<button class=\"toggle\" aria-label=\"Toggle\"><i class=\"icon-angle-down\" aria-hidden=\"true\"><\/i><\/button>\n\t\t\t<span>Certificados<\/span>\n\t\t<\/a>\n\t\t<div id=\"accordion-214107409-content\" class=\"accordion-inner\" aria-labelledby=\"accordion-214107409-label\">\n\t\t\t\n\n<p><a href=\"https:\/\/www.spdm.org.br\/acesso-a-informacao\/certificados\"><span style=\"font-weight: 400\">Certificados<\/span><\/a><\/p>\n\n\t\t<\/div>\n\t<\/div>\n\t\n\t<div id=\"accordion-3751511896\" class=\"accordion-item\">\n\t\t<a id=\"accordion-3751511896-label\" class=\"accordion-title plain\" href=\"#accordion-item-compras\" aria-expanded=\"false\" aria-controls=\"accordion-3751511896-content\">\n\t\t\t<button class=\"toggle\" aria-label=\"Toggle\"><i class=\"icon-angle-down\" aria-hidden=\"true\"><\/i><\/button>\n\t\t\t<span>Compras<\/span>\n\t\t<\/a>\n\t\t<div id=\"accordion-3751511896-content\" class=\"accordion-inner\" aria-labelledby=\"accordion-3751511896-label\">\n\t\t\t\n\n<ul>\n<li>Regulamento de Compras<\/li>\n<\/ul>\n\n\t\t<\/div>\n\t<\/div>\n\t\n\t<div id=\"accordion-2897017961\" class=\"accordion-item\">\n\t\t<a id=\"accordion-2897017961-label\" class=\"accordion-title plain\" href=\"#accordion-item-conv\u00eanios\" aria-expanded=\"false\" aria-controls=\"accordion-2897017961-content\">\n\t\t\t<button class=\"toggle\" aria-label=\"Toggle\"><i class=\"icon-angle-down\" aria-hidden=\"true\"><\/i><\/button>\n\t\t\t<span>Conv\u00eanios<\/span>\n\t\t<\/a>\n\t\t<div id=\"accordion-2897017961-content\" class=\"accordion-inner\" aria-labelledby=\"accordion-2897017961-label\">\n\t\t\t\n\n<p>Conv\u00eanio:<\/p>\n<ul>\n<li><a href=\"http:\/\/fac.spdmafiliadas.org.br\/wp-content\/uploads\/sites\/10\/2020\/09\/2020-Conve\u0302nio-de-Gesta\u0303o-N\u00ba-1397_2020.pdf\">2020 &#8211; Conve\u0302nio de Gesta\u0303o N\u00ba 1397_2020<\/a><\/li>\n<\/ul>\n<p>Publica\u00e7\u00e3o:<\/p>\n<ul>\n<li><a href=\"http:\/\/fac.spdmafiliadas.org.br\/wp-content\/uploads\/sites\/10\/2020\/09\/2020-Conve\u0302nio-de-Gesta\u0303o-N\u00ba-1397_2020-Publicac\u0327a\u0303o-Diario-Oficial_29.07.20.pdf\">2020 &#8211; Conve\u0302nio de Gesta\u0303o N\u00ba 1397_2020 &#8211; Publicac\u0327a\u0303o Diario Oficial_29.07.20<\/a><\/li>\n<\/ul>\n<p>Plano de Trabalho:<\/p>\n<ul>\n<li><a href=\"http:\/\/fac.spdmafiliadas.org.br\/wp-content\/uploads\/sites\/10\/2020\/09\/2020-Plano-de-Trabalho-Conve\u0302nio-de-Gesta\u0303o-N\u00ba-1397_2020.pdf\">2020 &#8211; Plano de Trabalho &#8211; Conve\u0302nio de Gesta\u0303o N\u00ba 1397_2020<\/a><\/li>\n<\/ul>\n\n\t\t<\/div>\n\t<\/div>\n\t\n\t<div id=\"accordion-2378505723\" class=\"accordion-item\">\n\t\t<a id=\"accordion-2378505723-label\" class=\"accordion-title plain\" href=\"#accordion-item-demonstrativos-cont\u00e1beis-e-financeiros\" aria-expanded=\"false\" aria-controls=\"accordion-2378505723-content\">\n\t\t\t<button class=\"toggle\" aria-label=\"Toggle\"><i class=\"icon-angle-down\" aria-hidden=\"true\"><\/i><\/button>\n\t\t\t<span>Demonstrativos Cont\u00e1beis e Financeiros<\/span>\n\t\t<\/a>\n\t\t<div id=\"accordion-2378505723-content\" class=\"accordion-inner\" aria-labelledby=\"accordion-2378505723-label\">\n\t\t\t\n\n<p>Balan\u00e7o Patrimonial<\/p>\n<ul>\n<li>2020<\/li>\n<\/ul>\n<p>Demonstrativo Financeiro Contratual<\/p>\n<ul>\n<li><span style=\"font-size: 95%;\"><a href=\"https:\/\/fac.spdmafiliadas.org.br\/wp-content\/uploads\/sites\/10\/2021\/07\/Demonstrativo-Financeiro-Contratual_MOGI-2.pdf\">DEMONSTRATIVO FINANCEIRO CONTRATUAL MOGI DAS CRUZES \u2013 2021<\/a>\u00a0(<a href=\"https:\/\/fac.spdmafiliadas.org.br\/wp-content\/uploads\/sites\/10\/2021\/07\/Demonstrativo-Financeiro-Contratual_MOGI-2.xlsx\">exportar excel<\/a>) (\u00a0<a href=\"https:\/\/fac.spdmafiliadas.org.br\/wp-content\/uploads\/sites\/10\/2021\/07\/Demonstrativo-Financeiro-Contratual_MOGI-2.txt\">exportar TXT<\/a>\u00a0) (\u00a0<a href=\"https:\/\/fac.spdmafiliadas.org.br\/wp-content\/uploads\/sites\/10\/2021\/07\/Demonstrativo-Financeiro-Contratual_MOGI-2.csv\">exportar CSV<\/a>\u00a0)<\/span><\/li>\n<li><span style=\"font-size: 95%;\"><a href=\"https:\/\/fac.spdmafiliadas.org.br\/wp-content\/uploads\/sites\/10\/2021\/01\/Demonstrativo-Financeiro-Contratual-Mogi-2020-1.pdf\">DEMONSTRATIVO FINANCEIRO CONTRATUAL MOGI DAS CRUZES \u2013 2020<\/a>\u00a0(<a href=\"https:\/\/fac.spdmafiliadas.org.br\/wp-content\/uploads\/sites\/10\/2021\/01\/Demonstrativo-Financeiro-Contratual-Mogi-2020-1.xlsx\">exportar excel)<\/a> ( <a href=\"https:\/\/fac.spdmafiliadas.org.br\/wp-content\/uploads\/sites\/10\/2021\/01\/Demonstrativo-Financeiro-Contratual-Mogi-2020-1.txt\">exportar TXT<\/a> ) ( <a href=\"https:\/\/fac.spdmafiliadas.org.br\/wp-content\/uploads\/sites\/10\/2021\/01\/Demonstrativo-Financeiro-Contratual-Mogi-2020-1.csv\">exportar CSV <\/a>)<\/span><\/li>\n<\/ul>\n<p>Registros de Receitas e Despesas<\/p>\n<ul>\n<li><a href=\"https:\/\/fac.spdmafiliadas.org.br\/wp-content\/uploads\/sites\/10\/2021\/07\/Registros-de-Receitas-e-Despesas_MOGI.pdf\">REGISTROS DE RECEITAS E DESPESAS \u2013 MOGI DAS CRUZES 2021<\/a>\u00a0<a href=\"https:\/\/fac.spdmafiliadas.org.br\/wp-content\/uploads\/sites\/10\/2021\/07\/Registros-de-Receitas-e-Despesas_MOGI.xlsx\">(exportar excel)<\/a>\u00a0(\u00a0<a href=\"https:\/\/fac.spdmafiliadas.org.br\/wp-content\/uploads\/sites\/10\/2021\/07\/Registros-de-Receitas-e-Despesas_MOGI.txt\">exportar TXT<\/a>\u00a0) (\u00a0<a href=\"https:\/\/fac.spdmafiliadas.org.br\/wp-content\/uploads\/sites\/10\/2021\/07\/Registros-de-Receitas-e-Despesas_MOGI.csv\">exportar CSV<\/a>\u00a0)<\/li>\n<li><a href=\"https:\/\/fac.spdmafiliadas.org.br\/wp-content\/uploads\/sites\/10\/2021\/01\/REGISTROS-DE-RECEITAS-E-DESPESAS-Mogi-das-Cruzes-2020-1.pdf\">REGISTROS DE RECEITAS E DESPESAS \u2013 MOGI DAS CRUZES 2020<\/a>\u00a0(<a href=\"https:\/\/fac.spdmafiliadas.org.br\/wp-content\/uploads\/sites\/10\/2021\/01\/REGISTROS-DE-RECEITAS-E-DESPESAS-Mogi-das-Cruzes-2020-1.xlsx\">exportar excel)<\/a> (\u00a0<a href=\"https:\/\/fac.spdmafiliadas.org.br\/wp-content\/uploads\/sites\/10\/2021\/01\/REGISTROS-DE-RECEITAS-E-DESPESAS-Mogi-das-Cruzes-2020-1.txt\">exportar TXT\u00a0<\/a>) (\u00a0<a href=\"https:\/\/fac.spdmafiliadas.org.br\/wp-content\/uploads\/sites\/10\/2021\/01\/REGISTROS-DE-RECEITAS-E-DESPESAS-Mogi-das-Cruzes-2020-1.csv\">exportar CSV<\/a>\u00a0)<\/li>\n<\/ul>\n\n\t\t<\/div>\n\t<\/div>\n\t\n\t<div id=\"accordion-1424628816\" class=\"accordion-item\">\n\t\t<a id=\"accordion-1424628816-label\" class=\"accordion-title plain\" href=\"#accordion-item-estrutura-organizacional\" aria-expanded=\"false\" aria-controls=\"accordion-1424628816-content\">\n\t\t\t<button class=\"toggle\" aria-label=\"Toggle\"><i class=\"icon-angle-down\" aria-hidden=\"true\"><\/i><\/button>\n\t\t\t<span>Estrutura Organizacional<\/span>\n\t\t<\/a>\n\t\t<div id=\"accordion-1424628816-content\" class=\"accordion-inner\" aria-labelledby=\"accordion-1424628816-label\">\n\t\t\t\n\n<h3>SPDM<\/h3>\n<p><a href=\"https:\/\/fac.spdmafiliadas.org.br\/wp-content\/uploads\/sites\/10\/2020\/01\/equipe-diretiva-spdm-jan-2020.png\"><img loading=\"lazy\" decoding=\"async\" class=\"alignnone size-full wp-image-8146\" src=\"https:\/\/fac.spdmafiliadas.org.br\/wp-content\/uploads\/sites\/10\/2020\/01\/equipe-diretiva-spdm-jan-2020.png\" alt=\"\" width=\"416\" height=\"629\" \/><\/a><\/p>\n<h4>Equipe Diretiva<\/h4>\n<div class=\"row\"  id=\"row-1810584156\">\n\n\n\t<div id=\"col-1419765055\" class=\"col medium-5 small-12 large-5\"  >\n\t\t\t\t<div class=\"col-inner\"  >\n\t\t\t\n\t\t\t\n\n<p><a href=\"https:\/\/fac.spdmafiliadas.org.br\/wp-content\/uploads\/sites\/10\/2019\/06\/equipe-diretiva-fac-v2-1.png\"><img loading=\"lazy\" decoding=\"async\" class=\"alignnone size-full wp-image-7829\" src=\"https:\/\/fac.spdmafiliadas.org.br\/wp-content\/uploads\/sites\/10\/2019\/06\/equipe-diretiva-fac-v2-1.png\" alt=\"\" width=\"342\" height=\"274\" \/><\/a><\/p>\n\n\t\t<\/div>\n\t\t\t\t\t<\/div>\n\n\t\n\n\t<div id=\"col-1679138997\" class=\"col medium-7 small-12 large-7\"  >\n\t\t\t\t<div class=\"col-inner\"  >\n\t\t\t\n\t\t\t\n\n<div class=\"accordion\">\n\n\t<div id=\"accordion-3152848748\" class=\"accordion-item\">\n\t\t<a id=\"accordion-3152848748-label\" class=\"accordion-title plain\" href=\"#accordion-item-compet\u00eancias-organizacionais\" aria-expanded=\"false\" aria-controls=\"accordion-3152848748-content\">\n\t\t\t<button class=\"toggle\" aria-label=\"Toggle\"><i class=\"icon-angle-down\" aria-hidden=\"true\"><\/i><\/button>\n\t\t\t<span>Compet\u00eancias Organizacionais<\/span>\n\t\t<\/a>\n\t\t<div id=\"accordion-3152848748-content\" class=\"accordion-inner\" aria-labelledby=\"accordion-3152848748-label\">\n\t\t\t\n\n<ul>\n<li style=\"font-weight: 400;text-align: justify\"><span style=\"font-weight: 400\">Trabalho em equipe;<\/span><\/li>\n<li style=\"font-weight: 400;text-align: justify\"><span style=\"font-weight: 400\">Comunica\u00e7\u00e3o;<\/span><\/li>\n<li style=\"font-weight: 400;text-align: justify\"><span style=\"font-weight: 400\">Relacionamento interpessoal;<\/span><\/li>\n<li style=\"font-weight: 400;text-align: justify\"><span style=\"font-weight: 400\">Foco no resultado;<\/span><\/li>\n<li style=\"font-weight: 400;text-align: justify\"><span style=\"font-weight: 400\">Flexibilidade e adaptabilidade;<\/span><\/li>\n<li style=\"font-weight: 400;text-align: justify\"><span style=\"font-weight: 400\">Foco no cliente;<\/span><\/li>\n<li style=\"font-weight: 400;text-align: justify\"><span style=\"font-weight: 400\">Curiosidade e esp\u00edrito de pesquisa;<\/span><\/li>\n<li style=\"font-weight: 400;text-align: justify\"><span style=\"font-weight: 400\">Desenvolver, aplicar e difundir conhecimento;<\/span><\/li>\n<li style=\"font-weight: 400;text-align: justify\"><span style=\"font-weight: 400\">Lideran\u00e7a e coaching;<\/span><\/li>\n<li style=\"font-weight: 400;text-align: justify\"><span style=\"font-weight: 400\">Vis\u00e3o sist\u00eamica;<\/span><\/li>\n<li style=\"font-weight: 400;text-align: justify\"><span style=\"font-weight: 400\">Negocia\u00e7\u00e3o;<\/span><\/li>\n<li style=\"font-weight: 400;text-align: justify\"><span style=\"font-weight: 400\">Criatividade e inova\u00e7\u00e3o;<\/span><\/li>\n<li style=\"font-weight: 400;text-align: justify\"><span style=\"font-weight: 400\">Empreendedorismo;<\/span><\/li>\n<li style=\"font-weight: 400;text-align: justify\"><span style=\"font-weight: 400\">Compliance.<\/span><\/li>\n<\/ul>\n\n\t\t<\/div>\n\t<\/div>\n\t\n\n<\/div>\n\n\n\t\t<\/div>\n\t\t\t\t\t<\/div>\n\n\t\n\n<\/div>\n\n\t\t<\/div>\n\t<\/div>\n\t\n\t<div id=\"accordion-2146250967\" class=\"accordion-item\">\n\t\t<a id=\"accordion-2146250967-label\" class=\"accordion-title plain\" href=\"#accordion-item-institucional\" aria-expanded=\"false\" aria-controls=\"accordion-2146250967-content\">\n\t\t\t<button class=\"toggle\" aria-label=\"Toggle\"><i class=\"icon-angle-down\" aria-hidden=\"true\"><\/i><\/button>\n\t\t\t<span>Institucional<\/span>\n\t\t<\/a>\n\t\t<div id=\"accordion-2146250967-content\" class=\"accordion-inner\" aria-labelledby=\"accordion-2146250967-label\">\n\t\t\t\n\n<p><a href=\"https:\/\/www.spdm.org.br\/images\/stories\/pdf\/Estatuto_SPDM_2017.pdf\">Estatuto Social<\/a><\/p>\n\n\t\t<\/div>\n\t<\/div>\n\t\n\t<div id=\"accordion-2768610562\" class=\"accordion-item\">\n\t\t<a id=\"accordion-2768610562-label\" class=\"accordion-title plain\" href=\"#accordion-item-pessoal\" aria-expanded=\"false\" aria-controls=\"accordion-2768610562-content\">\n\t\t\t<button class=\"toggle\" aria-label=\"Toggle\"><i class=\"icon-angle-down\" aria-hidden=\"true\"><\/i><\/button>\n\t\t\t<span>Pessoal<\/span>\n\t\t<\/a>\n\t\t<div id=\"accordion-2768610562-content\" class=\"accordion-inner\" aria-labelledby=\"accordion-2768610562-label\">\n\t\t\t\n\n<p><a href=\"http:\/\/fac.spdmafiliadas.org.br\/wp-content\/uploads\/sites\/10\/2018\/09\/Regulamento-de-Recrutamento-e-Selec%CC%A7a%CC%83o-de-Pessoal-1-2.pdf\">Regulamento de Sele\u00e7\u00e3o e Contrata\u00e7\u00e3o de Pessoal<\/a><\/p>\n<p>Despesas com Pessoal<\/p>\n<ul>\n<li><a href=\"https:\/\/fac.spdmafiliadas.org.br\/wp-content\/uploads\/sites\/10\/2021\/07\/Demonstrativo-Gasto-com-Pessoal-Mogi-das-Cruzes-2021.pdf\">Demonstrativo Gasto com Pessoal Mogi das Cruzes 2021<\/a><\/li>\n<li><a href=\"http:\/\/fac.spdmafiliadas.org.br\/wp-content\/uploads\/sites\/10\/2021\/01\/Demonstrativo-Gasto-com-Pessoal-Mogi-das-Cruzes-2020-1.pdf\">Demonstrativo Gasto com Pessoal Mogi das Cruzes 2020<\/a><\/li>\n<\/ul>\n<p>Quadro de Pessoal<\/p>\n\n\t\t<\/div>\n\t<\/div>\n\t\n\t<div id=\"accordion-1284953500\" class=\"accordion-item\">\n\t\t<a id=\"accordion-1284953500-label\" class=\"accordion-title plain\" href=\"#accordion-item-sau---servi\u00e7o-de-atendimento-ao-usu\u00e1rio\" aria-expanded=\"false\" aria-controls=\"accordion-1284953500-content\">\n\t\t\t<button class=\"toggle\" aria-label=\"Toggle\"><i class=\"icon-angle-down\" aria-hidden=\"true\"><\/i><\/button>\n\t\t\t<span>SAU - Servi\u00e7o de Atendimento ao Usu\u00e1rio<\/span>\n\t\t<\/a>\n\t\t<div id=\"accordion-1284953500-content\" class=\"accordion-inner\" aria-labelledby=\"accordion-1284953500-label\">\n\t\t\t\n\n<ul>\n<li><a href=\"https:\/\/fac.spdmafiliadas.org.br\/wp-content\/uploads\/sites\/10\/2021\/07\/Registros-de-Atendimentos-do-SAU_Mogi-das-Cruzes-2.pdf\">Registros de Atendimentos do SAU_Mogi das Cruzes<\/a><\/li>\n<li><a href=\"http:\/\/fac.spdmafiliadas.org.br\/wp-content\/uploads\/sites\/10\/2021\/01\/REGISTROS-DE-ATENDIMENTOS-DO-SAU-MG-2020.pdf\">REGISTROS DE ATENDIMENTOS DO SAU &#8211; MG &#8211; 2020<\/a><\/li>\n<\/ul>\n\n\t\t<\/div>\n\t<\/div>\n\t\n\t<div id=\"accordion-513999172\" class=\"accordion-item\">\n\t\t<a id=\"accordion-513999172-label\" class=\"accordion-title plain\" href=\"#accordion-item-servi\u00e7o-terceiro\" aria-expanded=\"false\" aria-controls=\"accordion-513999172-content\">\n\t\t\t<button class=\"toggle\" aria-label=\"Toggle\"><i class=\"icon-angle-down\" aria-hidden=\"true\"><\/i><\/button>\n\t\t\t<span>Servi\u00e7o Terceiro<\/span>\n\t\t<\/a>\n\t\t<div id=\"accordion-513999172-content\" class=\"accordion-inner\" aria-labelledby=\"accordion-513999172-label\">\n\t\t\t\n\n<ul>\n<li><a href=\"https:\/\/fac.spdmafiliadas.org.br\/wp-content\/uploads\/sites\/10\/2021\/07\/Relac%CC%A7a%CC%83o-Prestadores-de-Servic%CC%A7o-Pessoa-Juri%CC%81dica_MC_2021-1.pdf\">Relac\u0327a\u0303o Prestadores de Servic\u0327o Pessoa Juri\u0301dica_MC_2021<\/a><\/li>\n<\/ul>\n\n\t\t<\/div>\n\t<\/div>\n\t\n\t<div id=\"accordion-3082768685\" class=\"accordion-item\">\n\t\t<a id=\"accordion-3082768685-label\" class=\"accordion-title plain\" href=\"#accordion-item-sobre-a-lei-de-acesso-a-informa\u00e7\u00e3o\" aria-expanded=\"false\" aria-controls=\"accordion-3082768685-content\">\n\t\t\t<button class=\"toggle\" aria-label=\"Toggle\"><i class=\"icon-angle-down\" aria-hidden=\"true\"><\/i><\/button>\n\t\t\t<span>Sobre a Lei de Acesso a Informa\u00e7\u00e3o<\/span>\n\t\t<\/a>\n\t\t<div id=\"accordion-3082768685-content\" class=\"accordion-inner\" aria-labelledby=\"accordion-3082768685-label\">\n\t\t\t\n\n<p><a href=\"http:\/\/www.acessoainformacao.gov.br\/\"><span style=\"font-weight: 400\">Lei de Acesso a Informa\u00e7\u00e3o<\/span><\/a><\/p>\n\n\t\t<\/div>\n\t<\/div>\n\t\n\t<div id=\"accordion-2835272851\" class=\"accordion-item\">\n\t\t<a id=\"accordion-2835272851-label\" class=\"accordion-title plain\" href=\"#accordion-item-estrutura\u00e7\u00e3o-da-informa\u00e7\u00e3o\" aria-expanded=\"false\" aria-controls=\"accordion-2835272851-content\">\n\t\t\t<button class=\"toggle\" aria-label=\"Toggle\"><i class=\"icon-angle-down\" aria-hidden=\"true\"><\/i><\/button>\n\t\t\t<span>Estrutura\u00e7\u00e3o da Informa\u00e7\u00e3o<\/span>\n\t\t<\/a>\n\t\t<div id=\"accordion-2835272851-content\" class=\"accordion-inner\" aria-labelledby=\"accordion-2835272851-label\">\n\t\t\t\n\n<p><img loading=\"lazy\" decoding=\"async\" class=\"alignnone size-full wp-image-152\" src=\"http:\/\/paizn.spdmafiliadas.org.br\/wp-content\/uploads\/sites\/37\/2019\/05\/spdm-icon-v4.png\" alt=\"\" width=\"670\" height=\"930\" \/><\/p>\n\n\t\t<\/div>\n\t<\/div>\n\t\n\n<\/div>\n\n\t\t<\/div>\n\t\t\t\t\t<\/div>\n\n\t\n\n<\/div>\n\n","protected":false},"excerpt":{"rendered":"","protected":false},"author":1,"featured_media":0,"parent":0,"menu_order":0,"comment_status":"closed","ping_status":"closed","template":"","meta":{"footnotes":""},"class_list":["post-7367","page","type-page","status-publish","hentry"],"_links":{"self":[{"href":"https:\/\/ceafmc.animaker.com.br\/index.php?rest_route=\/wp\/v2\/pages\/7367","targetHints":{"allow":["GET"]}}],"collection":[{"href":"https:\/\/ceafmc.animaker.com.br\/index.php?rest_route=\/wp\/v2\/pages"}],"about":[{"href":"https:\/\/ceafmc.animaker.com.br\/index.php?rest_route=\/wp\/v2\/types\/page"}],"author":[{"embeddable":true,"href":"https:\/\/ceafmc.animaker.com.br\/index.php?rest_route=\/wp\/v2\/users\/1"}],"replies":[{"embeddable":true,"href":"https:\/\/ceafmc.animaker.com.br\/index.php?rest_route=%2Fwp%2Fv2%2Fcomments&post=7367"}],"version-history":[{"count":0,"href":"https:\/\/ceafmc.animaker.com.br\/index.php?rest_route=\/wp\/v2\/pages\/7367\/revisions"}],"wp:attachment":[{"href":"https:\/\/ceafmc.animaker.com.br\/index.php?rest_route=%2Fwp%2Fv2%2Fmedia&parent=7367"}],"curies":[{"name":"wp","href":"https:\/\/api.w.org\/{rel}","templated":true}]}}